{"id":1939,"date":"2025-04-18T03:28:34","date_gmt":"2025-04-18T01:28:34","guid":{"rendered":"https:\/\/www.regionalis.shop\/naturtraeume\/product\/altholz-schild-mit-lasergravur\/"},"modified":"2025-04-18T03:28:34","modified_gmt":"2025-04-18T01:28:34","slug":"altholz-schild-mit-lasergravur","status":"publish","type":"product","link":"https:\/\/www.regionalis.shop\/naturtraeume\/shop\/altholz-schild-mit-lasergravur\/","title":{"rendered":"Altholz-Schild mit Lasergravur"},"content":{"rendered":"<p>Diese Holzschilder mit Gravur sind Upcycling-Produkte.<\/p>\n<p>Die kleinen Holzbretter wurden einst als Zaunlatten verwendet. Nun bekommen sie als Altholz-Schilder ein zweites Leben.<\/p>\n<p>Der Schriftzug wurde mit dem Laserbrenner hineingebrannt.<br \/>\nZum Kontrast wurden die Holzbretter mit wei\u00dfer Kreidefarbe im Shabby Chic-Stil bemalt.<\/p>\n<p>L\u00e4nge: 25-28cm<br \/>\nH\u00f6he: 6cm<\/p>\n","protected":false},"excerpt":{"rendered":"<p>Diese Holzschilder mit Gravur sind Upcycling-Produkte. Die kleinen Holzbretter wurden einst als Zaunlatten verwendet. Nun bekommen sie als Altholz-Schilder ein zweites Leben. Der Schriftzug wurde mit dem Laserbrenner hineingebrannt. Zum Kontrast wurden die Holzbretter mit wei\u00dfer Kreidefarbe im Shabby Chic-Stil bemalt. L\u00e4nge: 25-28cm H\u00f6he: 6cm<\/p>\n","protected":false},"featured_media":1940,"template":"","meta":{"_acf_changed":false},"product_brand":[],"product_cat":[174,103],"product_tag":[],"class_list":{"0":"post-1939","1":"product","2":"type-product","3":"status-publish","4":"has-post-thumbnail","6":"product_cat-wohndekoration","7":"product_cat-wohnen-deko","9":"first","10":"instock","11":"purchasable","12":"product-type-simple"},"acf":[],"_links":{"self":[{"href":"https:\/\/www.regionalis.shop\/naturtraeume\/wp-json\/wp\/v2\/product\/1939","targetHints":{"allow":["GET"]}}],"collection":[{"href":"https:\/\/www.regionalis.shop\/naturtraeume\/wp-json\/wp\/v2\/product"}],"about":[{"href":"https:\/\/www.regionalis.shop\/naturtraeume\/wp-json\/wp\/v2\/types\/product"}],"wp:featuredmedia":[{"embeddable":true,"href":"https:\/\/www.regionalis.shop\/naturtraeume\/wp-json\/wp\/v2\/media\/1940"}],"wp:attachment":[{"href":"https:\/\/www.regionalis.shop\/naturtraeume\/wp-json\/wp\/v2\/media?parent=1939"}],"wp:term":[{"taxonomy":"product_brand","embeddable":true,"href":"https:\/\/www.regionalis.shop\/naturtraeume\/wp-json\/wp\/v2\/product_brand?post=1939"},{"taxonomy":"product_cat","embeddable":true,"href":"https:\/\/www.regionalis.shop\/naturtraeume\/wp-json\/wp\/v2\/product_cat?post=1939"},{"taxonomy":"product_tag","embeddable":true,"href":"https:\/\/www.regionalis.shop\/naturtraeume\/wp-json\/wp\/v2\/product_tag?post=1939"}],"curies":[{"name":"wp","href":"https:\/\/api.w.org\/{rel}","templated":true}]}}