{"id":1945,"date":"2025-04-18T03:21:53","date_gmt":"2025-04-18T01:21:53","guid":{"rendered":"https:\/\/www.regionalis.shop\/naturtraeume\/product\/sommerliche-holzsaeule-eckig\/"},"modified":"2025-04-18T03:21:53","modified_gmt":"2025-04-18T01:21:53","slug":"sommerliche-holzsaeule-eckig","status":"publish","type":"product","link":"https:\/\/www.regionalis.shop\/naturtraeume\/shop\/sommerliche-holzsaeule-eckig\/","title":{"rendered":"Sommerliche Holzs\u00e4ule eckig"},"content":{"rendered":"<p>Diese Holzs\u00e4ule bringt ganz bestimmt Sommerfeeling in euer Zuhause!<\/p>\n<p>Sie besteht aus einem gefl\u00e4mmten Holzpflock, der im oberen Teil mit wei\u00dfer und blauer Kreidefarbe bemalt und einem beigen Seil verziert wurde.<br \/>\nEin besonderer Hingucker sind der aufgemalte Anker und die abgewitterten Stellen.<\/p>\n<p>H\u00f6he: 31,5cm<br \/>\nBreite: 8,5cm<\/p>\n","protected":false},"excerpt":{"rendered":"<p>Diese Holzs\u00e4ule bringt ganz bestimmt Sommerfeeling in euer Zuhause! Sie besteht aus einem gefl\u00e4mmten Holzpflock, der im oberen Teil mit wei\u00dfer und blauer Kreidefarbe bemalt und einem beigen Seil verziert wurde. Ein besonderer Hingucker sind der aufgemalte Anker und die abgewitterten Stellen. H\u00f6he: 31,5cm Breite: 8,5cm<\/p>\n","protected":false},"featured_media":1946,"template":"","meta":{"_acf_changed":false},"product_brand":[],"product_cat":[174,103],"product_tag":[],"class_list":{"0":"post-1945","1":"product","2":"type-product","3":"status-publish","4":"has-post-thumbnail","6":"product_cat-wohndekoration","7":"product_cat-wohnen-deko","9":"first","10":"instock","11":"purchasable","12":"product-type-simple"},"acf":[],"_links":{"self":[{"href":"https:\/\/www.regionalis.shop\/naturtraeume\/wp-json\/wp\/v2\/product\/1945","targetHints":{"allow":["GET"]}}],"collection":[{"href":"https:\/\/www.regionalis.shop\/naturtraeume\/wp-json\/wp\/v2\/product"}],"about":[{"href":"https:\/\/www.regionalis.shop\/naturtraeume\/wp-json\/wp\/v2\/types\/product"}],"wp:featuredmedia":[{"embeddable":true,"href":"https:\/\/www.regionalis.shop\/naturtraeume\/wp-json\/wp\/v2\/media\/1946"}],"wp:attachment":[{"href":"https:\/\/www.regionalis.shop\/naturtraeume\/wp-json\/wp\/v2\/media?parent=1945"}],"wp:term":[{"taxonomy":"product_brand","embeddable":true,"href":"https:\/\/www.regionalis.shop\/naturtraeume\/wp-json\/wp\/v2\/product_brand?post=1945"},{"taxonomy":"product_cat","embeddable":true,"href":"https:\/\/www.regionalis.shop\/naturtraeume\/wp-json\/wp\/v2\/product_cat?post=1945"},{"taxonomy":"product_tag","embeddable":true,"href":"https:\/\/www.regionalis.shop\/naturtraeume\/wp-json\/wp\/v2\/product_tag?post=1945"}],"curies":[{"name":"wp","href":"https:\/\/api.w.org\/{rel}","templated":true}]}}