{"id":1950,"date":"2025-04-18T03:21:53","date_gmt":"2025-04-18T01:21:53","guid":{"rendered":"https:\/\/www.regionalis.shop\/naturtraeume\/product\/maritime-sommerdeko-aus-holz-klein\/"},"modified":"2025-04-18T03:21:53","modified_gmt":"2025-04-18T01:21:53","slug":"maritime-sommerdeko-aus-holz-klein","status":"publish","type":"product","link":"https:\/\/www.regionalis.shop\/naturtraeume\/shop\/maritime-sommerdeko-aus-holz-klein\/","title":{"rendered":"Maritime Sommerdeko aus Holz klein"},"content":{"rendered":"<p>Diese handgemachten Holzs\u00e4ulen bringen ganz bestimmt Sommerfeeling in euer Zuhause!<\/p>\n<p>Das Holzpflock-Set besteht aus gefl\u00e4mmten Holzpfl\u00f6cken, die im oberen Teil mit wei\u00dfer Kreidefarbe bemalt und an der Unterseite mit einem beigen Seil verziert wurde.<br \/>\nEin besonderer Hingucker sind das aufgemalte Steuerrad, der Seestern und der Schriftzug &#8222;Ahoi&#8220;.<\/p>\n<p>H\u00f6he: 23,5cm<br \/>\nDurchmesser: ca. 13cm<\/p>\n","protected":false},"excerpt":{"rendered":"<p>Diese handgemachten Holzs\u00e4ulen bringen ganz bestimmt Sommerfeeling in euer Zuhause! Das Holzpflock-Set besteht aus gefl\u00e4mmten Holzpfl\u00f6cken, die im oberen Teil mit wei\u00dfer Kreidefarbe bemalt und an der Unterseite mit einem beigen Seil verziert wurde. Ein besonderer Hingucker sind das aufgemalte Steuerrad, der Seestern und der Schriftzug &#8222;Ahoi&#8220;. H\u00f6he: 23,5cm Durchmesser: ca. 13cm<\/p>\n","protected":false},"featured_media":1951,"template":"","meta":{"_acf_changed":false},"product_brand":[],"product_cat":[174,103],"product_tag":[],"class_list":{"0":"post-1950","1":"product","2":"type-product","3":"status-publish","4":"has-post-thumbnail","6":"product_cat-wohndekoration","7":"product_cat-wohnen-deko","9":"first","10":"instock","11":"purchasable","12":"product-type-simple"},"acf":[],"_links":{"self":[{"href":"https:\/\/www.regionalis.shop\/naturtraeume\/wp-json\/wp\/v2\/product\/1950","targetHints":{"allow":["GET"]}}],"collection":[{"href":"https:\/\/www.regionalis.shop\/naturtraeume\/wp-json\/wp\/v2\/product"}],"about":[{"href":"https:\/\/www.regionalis.shop\/naturtraeume\/wp-json\/wp\/v2\/types\/product"}],"wp:featuredmedia":[{"embeddable":true,"href":"https:\/\/www.regionalis.shop\/naturtraeume\/wp-json\/wp\/v2\/media\/1951"}],"wp:attachment":[{"href":"https:\/\/www.regionalis.shop\/naturtraeume\/wp-json\/wp\/v2\/media?parent=1950"}],"wp:term":[{"taxonomy":"product_brand","embeddable":true,"href":"https:\/\/www.regionalis.shop\/naturtraeume\/wp-json\/wp\/v2\/product_brand?post=1950"},{"taxonomy":"product_cat","embeddable":true,"href":"https:\/\/www.regionalis.shop\/naturtraeume\/wp-json\/wp\/v2\/product_cat?post=1950"},{"taxonomy":"product_tag","embeddable":true,"href":"https:\/\/www.regionalis.shop\/naturtraeume\/wp-json\/wp\/v2\/product_tag?post=1950"}],"curies":[{"name":"wp","href":"https:\/\/api.w.org\/{rel}","templated":true}]}}