{"id":1957,"date":"2025-04-18T03:21:28","date_gmt":"2025-04-18T01:21:28","guid":{"rendered":"https:\/\/www.regionalis.shop\/naturtraeume\/product\/zirbenholz-haeuschen-mit-gravur\/"},"modified":"2025-04-18T03:21:28","modified_gmt":"2025-04-18T01:21:28","slug":"zirbenholz-haeuschen-mit-gravur","status":"publish","type":"product","link":"https:\/\/www.regionalis.shop\/naturtraeume\/shop\/zirbenholz-haeuschen-mit-gravur\/","title":{"rendered":"Zirbenholz-H\u00e4uschen mit Gravur"},"content":{"rendered":"<p>Dieses kleine Holzh\u00e4uschen wurde aus Zirbenholz gefertigt und verbreitet dadurch einen angenehmen Zirbengeruch. <\/p>\n<p>Es kann ganzj\u00e4hrig als Dekoration verwendet werden oder ist auch ein ideales Geschenk. <\/p>\n<p>Der Schriftzug auf dem H\u00e4uschen wurde mittels Laser hineingebrannt.<br \/>\nUnterhalb der Gravur wurde das H\u00e4uschen noch zus\u00e4tzlich mit einer Jutekordel verziert. <\/p>\n<p>H\u00f6he: 20cm<br \/>\nBreite: 10cm<br \/>\nTiefe: 3cm<\/p>\n<p>Bitte beachte, dass jedes Holzst\u00fcck ein wenig anders ist, da sie alle Naturmaterialien sind.<\/p>\n","protected":false},"excerpt":{"rendered":"<p>Dieses kleine Holzh\u00e4uschen wurde aus Zirbenholz gefertigt und verbreitet dadurch einen angenehmen Zirbengeruch. Es kann ganzj\u00e4hrig als Dekoration verwendet werden oder ist auch ein ideales Geschenk. Der Schriftzug auf dem H\u00e4uschen wurde mittels Laser hineingebrannt. Unterhalb der Gravur wurde das H\u00e4uschen noch zus\u00e4tzlich mit einer Jutekordel verziert. H\u00f6he: 20cm Breite: 10cm Tiefe: 3cm Bitte beachte, &hellip; <a href=\"https:\/\/www.regionalis.shop\/naturtraeume\/shop\/zirbenholz-haeuschen-mit-gravur\/\">Continued<\/a><\/p>\n","protected":false},"featured_media":1958,"template":"","meta":{"_acf_changed":false},"product_brand":[],"product_cat":[174,103],"product_tag":[],"class_list":{"0":"post-1957","1":"product","2":"type-product","3":"status-publish","4":"has-post-thumbnail","6":"product_cat-wohndekoration","7":"product_cat-wohnen-deko","9":"first","10":"instock","11":"purchasable","12":"product-type-simple"},"acf":[],"_links":{"self":[{"href":"https:\/\/www.regionalis.shop\/naturtraeume\/wp-json\/wp\/v2\/product\/1957","targetHints":{"allow":["GET"]}}],"collection":[{"href":"https:\/\/www.regionalis.shop\/naturtraeume\/wp-json\/wp\/v2\/product"}],"about":[{"href":"https:\/\/www.regionalis.shop\/naturtraeume\/wp-json\/wp\/v2\/types\/product"}],"wp:featuredmedia":[{"embeddable":true,"href":"https:\/\/www.regionalis.shop\/naturtraeume\/wp-json\/wp\/v2\/media\/1958"}],"wp:attachment":[{"href":"https:\/\/www.regionalis.shop\/naturtraeume\/wp-json\/wp\/v2\/media?parent=1957"}],"wp:term":[{"taxonomy":"product_brand","embeddable":true,"href":"https:\/\/www.regionalis.shop\/naturtraeume\/wp-json\/wp\/v2\/product_brand?post=1957"},{"taxonomy":"product_cat","embeddable":true,"href":"https:\/\/www.regionalis.shop\/naturtraeume\/wp-json\/wp\/v2\/product_cat?post=1957"},{"taxonomy":"product_tag","embeddable":true,"href":"https:\/\/www.regionalis.shop\/naturtraeume\/wp-json\/wp\/v2\/product_tag?post=1957"}],"curies":[{"name":"wp","href":"https:\/\/api.w.org\/{rel}","templated":true}]}}