{"id":1963,"date":"2025-04-18T03:20:55","date_gmt":"2025-04-18T01:20:55","guid":{"rendered":"https:\/\/www.regionalis.shop\/naturtraeume\/product\/treibholz-aufhaenger-sommer\/"},"modified":"2025-04-18T03:20:55","modified_gmt":"2025-04-18T01:20:55","slug":"treibholz-aufhaenger-sommer","status":"publish","type":"product","link":"https:\/\/www.regionalis.shop\/naturtraeume\/shop\/treibholz-aufhaenger-sommer\/","title":{"rendered":"Treibholz-Aufh\u00e4nger Sommer"},"content":{"rendered":"<p>Dieser sommerliche Aufh\u00e4nger wurde aus aufgef\u00e4delten Treibholzst\u00fccken gefertigt.<\/p>\n<p>Am unteren Ende ist ein wei\u00df-blauer Holzfisch angebracht.<\/p>\n<p>Zum Aufh\u00e4ngen dient eine Jutekordel.<\/p>\n<p>L\u00e4nge: ca. 52cm<\/p>\n","protected":false},"excerpt":{"rendered":"<p>Dieser sommerliche Aufh\u00e4nger wurde aus aufgef\u00e4delten Treibholzst\u00fccken gefertigt. Am unteren Ende ist ein wei\u00df-blauer Holzfisch angebracht. Zum Aufh\u00e4ngen dient eine Jutekordel. L\u00e4nge: ca. 52cm<\/p>\n","protected":false},"featured_media":1964,"template":"","meta":{"_acf_changed":false},"product_brand":[],"product_cat":[174,103],"product_tag":[],"class_list":{"0":"post-1963","1":"product","2":"type-product","3":"status-publish","4":"has-post-thumbnail","6":"product_cat-wohndekoration","7":"product_cat-wohnen-deko","9":"first","10":"instock","11":"purchasable","12":"product-type-simple"},"acf":[],"_links":{"self":[{"href":"https:\/\/www.regionalis.shop\/naturtraeume\/wp-json\/wp\/v2\/product\/1963","targetHints":{"allow":["GET"]}}],"collection":[{"href":"https:\/\/www.regionalis.shop\/naturtraeume\/wp-json\/wp\/v2\/product"}],"about":[{"href":"https:\/\/www.regionalis.shop\/naturtraeume\/wp-json\/wp\/v2\/types\/product"}],"wp:featuredmedia":[{"embeddable":true,"href":"https:\/\/www.regionalis.shop\/naturtraeume\/wp-json\/wp\/v2\/media\/1964"}],"wp:attachment":[{"href":"https:\/\/www.regionalis.shop\/naturtraeume\/wp-json\/wp\/v2\/media?parent=1963"}],"wp:term":[{"taxonomy":"product_brand","embeddable":true,"href":"https:\/\/www.regionalis.shop\/naturtraeume\/wp-json\/wp\/v2\/product_brand?post=1963"},{"taxonomy":"product_cat","embeddable":true,"href":"https:\/\/www.regionalis.shop\/naturtraeume\/wp-json\/wp\/v2\/product_cat?post=1963"},{"taxonomy":"product_tag","embeddable":true,"href":"https:\/\/www.regionalis.shop\/naturtraeume\/wp-json\/wp\/v2\/product_tag?post=1963"}],"curies":[{"name":"wp","href":"https:\/\/api.w.org\/{rel}","templated":true}]}}