{"id":1972,"date":"2025-04-18T03:20:55","date_gmt":"2025-04-18T01:20:55","guid":{"rendered":"https:\/\/www.regionalis.shop\/naturtraeume\/product\/treibholz-muschel-aufhaenger-einfach\/"},"modified":"2025-04-18T03:20:55","modified_gmt":"2025-04-18T01:20:55","slug":"treibholz-muschel-aufhaenger-einfach","status":"publish","type":"product","link":"https:\/\/www.regionalis.shop\/naturtraeume\/shop\/treibholz-muschel-aufhaenger-einfach\/","title":{"rendered":"Treibholz-Muschel-Aufh\u00e4nger einfach"},"content":{"rendered":"<p>Dieser sommerliche Aufh\u00e4nger wurde aus aufgef\u00e4delten Treibholzst\u00fccken und Muscheln gefertigt.<br \/>\nDazwischen befinden sich ein Holzfisch und ein Seestern aus Holz<\/p>\n<p>Zum Aufh\u00e4ngen dient eine blau-wei\u00dfe Kordel.<\/p>\n<p>L\u00e4nge: 39cm<br \/>\nBreite: 21cm<\/p>\n","protected":false},"excerpt":{"rendered":"<p>Dieser sommerliche Aufh\u00e4nger wurde aus aufgef\u00e4delten Treibholzst\u00fccken und Muscheln gefertigt. Dazwischen befinden sich ein Holzfisch und ein Seestern aus Holz Zum Aufh\u00e4ngen dient eine blau-wei\u00dfe Kordel. L\u00e4nge: 39cm Breite: 21cm<\/p>\n","protected":false},"featured_media":1973,"template":"","meta":{"_acf_changed":false},"product_brand":[],"product_cat":[174,103],"product_tag":[],"class_list":{"0":"post-1972","1":"product","2":"type-product","3":"status-publish","4":"has-post-thumbnail","6":"product_cat-wohndekoration","7":"product_cat-wohnen-deko","9":"first","10":"instock","11":"purchasable","12":"product-type-simple"},"acf":[],"_links":{"self":[{"href":"https:\/\/www.regionalis.shop\/naturtraeume\/wp-json\/wp\/v2\/product\/1972","targetHints":{"allow":["GET"]}}],"collection":[{"href":"https:\/\/www.regionalis.shop\/naturtraeume\/wp-json\/wp\/v2\/product"}],"about":[{"href":"https:\/\/www.regionalis.shop\/naturtraeume\/wp-json\/wp\/v2\/types\/product"}],"wp:featuredmedia":[{"embeddable":true,"href":"https:\/\/www.regionalis.shop\/naturtraeume\/wp-json\/wp\/v2\/media\/1973"}],"wp:attachment":[{"href":"https:\/\/www.regionalis.shop\/naturtraeume\/wp-json\/wp\/v2\/media?parent=1972"}],"wp:term":[{"taxonomy":"product_brand","embeddable":true,"href":"https:\/\/www.regionalis.shop\/naturtraeume\/wp-json\/wp\/v2\/product_brand?post=1972"},{"taxonomy":"product_cat","embeddable":true,"href":"https:\/\/www.regionalis.shop\/naturtraeume\/wp-json\/wp\/v2\/product_cat?post=1972"},{"taxonomy":"product_tag","embeddable":true,"href":"https:\/\/www.regionalis.shop\/naturtraeume\/wp-json\/wp\/v2\/product_tag?post=1972"}],"curies":[{"name":"wp","href":"https:\/\/api.w.org\/{rel}","templated":true}]}}