{"id":1978,"date":"2025-04-18T03:15:39","date_gmt":"2025-04-18T01:15:39","guid":{"rendered":"https:\/\/www.regionalis.shop\/naturtraeume\/product\/leuchtturm-mit-teelichthalter\/"},"modified":"2025-04-18T03:15:39","modified_gmt":"2025-04-18T01:15:39","slug":"leuchtturm-mit-teelichthalter","status":"publish","type":"product","link":"https:\/\/www.regionalis.shop\/naturtraeume\/shop\/leuchtturm-mit-teelichthalter\/","title":{"rendered":"Leuchtturm mit Teelichthalter"},"content":{"rendered":"<p>Diese handgemachte Leuchtturm-S\u00e4ule bringt ganz bestimmt Sommerfeeling in euer Zuhause!<\/p>\n<p>Der Leuchtturm besteht aus einem gefl\u00e4mmten Holzpflock, der mit wei\u00dfer und roter Farbe bemalt wurde.<\/p>\n<p>Am oberen Ende der S\u00e4ule befindet sich ein Teelichthalter aus Glas mit Muschelsplitter als Unterlage f\u00fcr das Teelicht. Als besonderer Hingucker dient zus\u00e4tzlich noch ein Seil, das im unteren Bereich um das Glas gewickelt ist.<\/p>\n<p>H\u00f6he: 29cm<br \/>\nDurchmesser: 8cm<\/p>\n","protected":false},"excerpt":{"rendered":"<p>Diese handgemachte Leuchtturm-S\u00e4ule bringt ganz bestimmt Sommerfeeling in euer Zuhause! Der Leuchtturm besteht aus einem gefl\u00e4mmten Holzpflock, der mit wei\u00dfer und roter Farbe bemalt wurde. Am oberen Ende der S\u00e4ule befindet sich ein Teelichthalter aus Glas mit Muschelsplitter als Unterlage f\u00fcr das Teelicht. Als besonderer Hingucker dient zus\u00e4tzlich noch ein Seil, das im unteren Bereich &hellip; <a href=\"https:\/\/www.regionalis.shop\/naturtraeume\/shop\/leuchtturm-mit-teelichthalter\/\">Continued<\/a><\/p>\n","protected":false},"featured_media":1979,"template":"","meta":{"_acf_changed":false},"product_brand":[],"product_cat":[174,103],"product_tag":[],"class_list":{"0":"post-1978","1":"product","2":"type-product","3":"status-publish","4":"has-post-thumbnail","6":"product_cat-wohndekoration","7":"product_cat-wohnen-deko","9":"first","10":"instock","11":"purchasable","12":"product-type-simple"},"acf":[],"_links":{"self":[{"href":"https:\/\/www.regionalis.shop\/naturtraeume\/wp-json\/wp\/v2\/product\/1978","targetHints":{"allow":["GET"]}}],"collection":[{"href":"https:\/\/www.regionalis.shop\/naturtraeume\/wp-json\/wp\/v2\/product"}],"about":[{"href":"https:\/\/www.regionalis.shop\/naturtraeume\/wp-json\/wp\/v2\/types\/product"}],"wp:featuredmedia":[{"embeddable":true,"href":"https:\/\/www.regionalis.shop\/naturtraeume\/wp-json\/wp\/v2\/media\/1979"}],"wp:attachment":[{"href":"https:\/\/www.regionalis.shop\/naturtraeume\/wp-json\/wp\/v2\/media?parent=1978"}],"wp:term":[{"taxonomy":"product_brand","embeddable":true,"href":"https:\/\/www.regionalis.shop\/naturtraeume\/wp-json\/wp\/v2\/product_brand?post=1978"},{"taxonomy":"product_cat","embeddable":true,"href":"https:\/\/www.regionalis.shop\/naturtraeume\/wp-json\/wp\/v2\/product_cat?post=1978"},{"taxonomy":"product_tag","embeddable":true,"href":"https:\/\/www.regionalis.shop\/naturtraeume\/wp-json\/wp\/v2\/product_tag?post=1978"}],"curies":[{"name":"wp","href":"https:\/\/api.w.org\/{rel}","templated":true}]}}