{"id":1982,"date":"2025-04-18T03:15:39","date_gmt":"2025-04-18T01:15:39","guid":{"rendered":"https:\/\/www.regionalis.shop\/naturtraeume\/product\/sommerliche-holzsaeule\/"},"modified":"2025-04-18T03:15:39","modified_gmt":"2025-04-18T01:15:39","slug":"sommerliche-holzsaeule","status":"publish","type":"product","link":"https:\/\/www.regionalis.shop\/naturtraeume\/shop\/sommerliche-holzsaeule\/","title":{"rendered":"Sommerliche Holzs\u00e4ule"},"content":{"rendered":"<p>Diese Holzs\u00e4ule bringt ganz bestimmt Sommerfeeling in euer Zuhause!<\/p>\n<p>Sie besteht aus einem gefl\u00e4mmten Holzpflock, der im oberen Teil mit wei\u00dfer und blauer Kreidefarbe bemalt und einem beigen Seil verziert wurde.<br \/>\nEin besonderer Hingucker sind das aufgemalte Steuerrad und die abgewitterte obere Ecke.<\/p>\n<p>H\u00f6he: 24,5cm<br \/>\nBreite: 8,5cm<\/p>\n","protected":false},"excerpt":{"rendered":"<p>Diese Holzs\u00e4ule bringt ganz bestimmt Sommerfeeling in euer Zuhause! Sie besteht aus einem gefl\u00e4mmten Holzpflock, der im oberen Teil mit wei\u00dfer und blauer Kreidefarbe bemalt und einem beigen Seil verziert wurde. Ein besonderer Hingucker sind das aufgemalte Steuerrad und die abgewitterte obere Ecke. H\u00f6he: 24,5cm Breite: 8,5cm<\/p>\n","protected":false},"featured_media":1983,"template":"","meta":{"_acf_changed":false},"product_brand":[],"product_cat":[174,103],"product_tag":[],"class_list":{"0":"post-1982","1":"product","2":"type-product","3":"status-publish","4":"has-post-thumbnail","6":"product_cat-wohndekoration","7":"product_cat-wohnen-deko","9":"first","10":"instock","11":"purchasable","12":"product-type-simple"},"acf":[],"_links":{"self":[{"href":"https:\/\/www.regionalis.shop\/naturtraeume\/wp-json\/wp\/v2\/product\/1982","targetHints":{"allow":["GET"]}}],"collection":[{"href":"https:\/\/www.regionalis.shop\/naturtraeume\/wp-json\/wp\/v2\/product"}],"about":[{"href":"https:\/\/www.regionalis.shop\/naturtraeume\/wp-json\/wp\/v2\/types\/product"}],"wp:featuredmedia":[{"embeddable":true,"href":"https:\/\/www.regionalis.shop\/naturtraeume\/wp-json\/wp\/v2\/media\/1983"}],"wp:attachment":[{"href":"https:\/\/www.regionalis.shop\/naturtraeume\/wp-json\/wp\/v2\/media?parent=1982"}],"wp:term":[{"taxonomy":"product_brand","embeddable":true,"href":"https:\/\/www.regionalis.shop\/naturtraeume\/wp-json\/wp\/v2\/product_brand?post=1982"},{"taxonomy":"product_cat","embeddable":true,"href":"https:\/\/www.regionalis.shop\/naturtraeume\/wp-json\/wp\/v2\/product_cat?post=1982"},{"taxonomy":"product_tag","embeddable":true,"href":"https:\/\/www.regionalis.shop\/naturtraeume\/wp-json\/wp\/v2\/product_tag?post=1982"}],"curies":[{"name":"wp","href":"https:\/\/api.w.org\/{rel}","templated":true}]}}