{"id":1987,"date":"2025-04-18T03:15:39","date_gmt":"2025-04-18T01:15:39","guid":{"rendered":"https:\/\/www.regionalis.shop\/naturtraeume\/product\/kleines-holz-segelboot\/"},"modified":"2025-04-18T03:15:39","modified_gmt":"2025-04-18T01:15:39","slug":"kleines-holz-segelboot","status":"publish","type":"product","link":"https:\/\/www.regionalis.shop\/naturtraeume\/shop\/kleines-holz-segelboot\/","title":{"rendered":"Kleines Holz-Segelboot"},"content":{"rendered":"<p>Dieses kleine handgemachte Holz-Segelboot bringt ganz bestimmt Sommerfeeling in euer Zuhause!<\/p>\n<p>Der Rumpf des Bootes besteht aus einem gefl\u00e4mmten St\u00fcck Holz und wurde mit einer wei\u00dfen Kordel verziert, der Mast aus einem St\u00fcck Treibholz.<br \/>\nDas Segel wurde per Hand aus einem Leinen-Baumwollstoff gefertigt.<\/p>\n<p>L\u00e4nge: 15cm<br \/>\nBreite: 11cm<br \/>\nH\u00f6he: 19cm<\/p>\n","protected":false},"excerpt":{"rendered":"<p>Dieses kleine handgemachte Holz-Segelboot bringt ganz bestimmt Sommerfeeling in euer Zuhause! Der Rumpf des Bootes besteht aus einem gefl\u00e4mmten St\u00fcck Holz und wurde mit einer wei\u00dfen Kordel verziert, der Mast aus einem St\u00fcck Treibholz. Das Segel wurde per Hand aus einem Leinen-Baumwollstoff gefertigt. L\u00e4nge: 15cm Breite: 11cm H\u00f6he: 19cm<\/p>\n","protected":false},"featured_media":1988,"template":"","meta":{"_acf_changed":false},"product_brand":[],"product_cat":[174,103],"product_tag":[],"class_list":{"0":"post-1987","1":"product","2":"type-product","3":"status-publish","4":"has-post-thumbnail","6":"product_cat-wohndekoration","7":"product_cat-wohnen-deko","9":"first","10":"instock","11":"purchasable","12":"product-type-simple"},"acf":[],"_links":{"self":[{"href":"https:\/\/www.regionalis.shop\/naturtraeume\/wp-json\/wp\/v2\/product\/1987","targetHints":{"allow":["GET"]}}],"collection":[{"href":"https:\/\/www.regionalis.shop\/naturtraeume\/wp-json\/wp\/v2\/product"}],"about":[{"href":"https:\/\/www.regionalis.shop\/naturtraeume\/wp-json\/wp\/v2\/types\/product"}],"wp:featuredmedia":[{"embeddable":true,"href":"https:\/\/www.regionalis.shop\/naturtraeume\/wp-json\/wp\/v2\/media\/1988"}],"wp:attachment":[{"href":"https:\/\/www.regionalis.shop\/naturtraeume\/wp-json\/wp\/v2\/media?parent=1987"}],"wp:term":[{"taxonomy":"product_brand","embeddable":true,"href":"https:\/\/www.regionalis.shop\/naturtraeume\/wp-json\/wp\/v2\/product_brand?post=1987"},{"taxonomy":"product_cat","embeddable":true,"href":"https:\/\/www.regionalis.shop\/naturtraeume\/wp-json\/wp\/v2\/product_cat?post=1987"},{"taxonomy":"product_tag","embeddable":true,"href":"https:\/\/www.regionalis.shop\/naturtraeume\/wp-json\/wp\/v2\/product_tag?post=1987"}],"curies":[{"name":"wp","href":"https:\/\/api.w.org\/{rel}","templated":true}]}}