{"id":1990,"date":"2025-04-18T03:15:39","date_gmt":"2025-04-18T01:15:39","guid":{"rendered":"https:\/\/www.regionalis.shop\/naturtraeume\/product\/kleines-segelboot-auf-holzbrett\/"},"modified":"2025-04-18T03:15:39","modified_gmt":"2025-04-18T01:15:39","slug":"kleines-segelboot-auf-holzbrett","status":"publish","type":"product","link":"https:\/\/www.regionalis.shop\/naturtraeume\/shop\/kleines-segelboot-auf-holzbrett\/","title":{"rendered":"Kleines Segelboot auf Holzbrett"},"content":{"rendered":"<p>Dieses kleine handgemachte Segelboot bringt ganz bestimmt Sommerfeeling in euer Zuhause!<\/p>\n<p>Der Rumpf des Bootes besteht aus einem gefl\u00e4mmten und wei\u00df bemalten St\u00fcck Holz, das anschlie\u00dfend mit der Shabby Chic-Technik bearbeitet wurde. Ein besonderer Hingucker ist der kleine Holzanker.<br \/>\nDer Mast ist aus einem St\u00fcck Treibholz und das Segel wurde per Hand aus einem Leinen-Baumwollstoff gefertigt.<\/p>\n<p>Das Segelboot ist auf einem gefl\u00e4mmten Holzbrett befestigt. Es kann sowohl angelehnt, als auch aufgeh\u00e4ngt werden.<br \/>\nAuf der R\u00fcckseite befindet sich ein kleiner Haken.<\/p>\n<p>H\u00f6he: 40cm<br \/>\nBreite: 13cm<\/p>\n","protected":false},"excerpt":{"rendered":"<p>Dieses kleine handgemachte Segelboot bringt ganz bestimmt Sommerfeeling in euer Zuhause! Der Rumpf des Bootes besteht aus einem gefl\u00e4mmten und wei\u00df bemalten St\u00fcck Holz, das anschlie\u00dfend mit der Shabby Chic-Technik bearbeitet wurde. Ein besonderer Hingucker ist der kleine Holzanker. Der Mast ist aus einem St\u00fcck Treibholz und das Segel wurde per Hand aus einem Leinen-Baumwollstoff &hellip; <a href=\"https:\/\/www.regionalis.shop\/naturtraeume\/shop\/kleines-segelboot-auf-holzbrett\/\">Continued<\/a><\/p>\n","protected":false},"featured_media":1991,"template":"","meta":{"_acf_changed":false},"product_brand":[],"product_cat":[174,103],"product_tag":[],"class_list":{"0":"post-1990","1":"product","2":"type-product","3":"status-publish","4":"has-post-thumbnail","6":"product_cat-wohndekoration","7":"product_cat-wohnen-deko","9":"first","10":"instock","11":"purchasable","12":"product-type-simple"},"acf":[],"_links":{"self":[{"href":"https:\/\/www.regionalis.shop\/naturtraeume\/wp-json\/wp\/v2\/product\/1990","targetHints":{"allow":["GET"]}}],"collection":[{"href":"https:\/\/www.regionalis.shop\/naturtraeume\/wp-json\/wp\/v2\/product"}],"about":[{"href":"https:\/\/www.regionalis.shop\/naturtraeume\/wp-json\/wp\/v2\/types\/product"}],"wp:featuredmedia":[{"embeddable":true,"href":"https:\/\/www.regionalis.shop\/naturtraeume\/wp-json\/wp\/v2\/media\/1991"}],"wp:attachment":[{"href":"https:\/\/www.regionalis.shop\/naturtraeume\/wp-json\/wp\/v2\/media?parent=1990"}],"wp:term":[{"taxonomy":"product_brand","embeddable":true,"href":"https:\/\/www.regionalis.shop\/naturtraeume\/wp-json\/wp\/v2\/product_brand?post=1990"},{"taxonomy":"product_cat","embeddable":true,"href":"https:\/\/www.regionalis.shop\/naturtraeume\/wp-json\/wp\/v2\/product_cat?post=1990"},{"taxonomy":"product_tag","embeddable":true,"href":"https:\/\/www.regionalis.shop\/naturtraeume\/wp-json\/wp\/v2\/product_tag?post=1990"}],"curies":[{"name":"wp","href":"https:\/\/api.w.org\/{rel}","templated":true}]}}