{"id":2000,"date":"2025-04-18T03:05:25","date_gmt":"2025-04-18T01:05:25","guid":{"rendered":"https:\/\/www.regionalis.shop\/naturtraeume\/product\/keramik-schaelchen-blau-grau\/"},"modified":"2025-04-18T03:05:25","modified_gmt":"2025-04-18T01:05:25","slug":"keramik-schaelchen-blau-grau","status":"publish","type":"product","link":"https:\/\/www.regionalis.shop\/naturtraeume\/shop\/keramik-schaelchen-blau-grau\/","title":{"rendered":"Keramik-Sch\u00e4lchen blau-grau"},"content":{"rendered":"<p>Die kleine Schale wurde per Hand aus grauem Ton gefertigt.<br \/>\nAn der Oberseite wurde die Schale mit einer effektvollen, blau-grauen Glasur \u00fcberzogen.<br \/>\nAn der Unterseite ist der graue Ton nat\u00fcrlich belassen.<\/p>\n<p>Durchmesser: 14,5cm<br \/>\nH\u00f6he: 2cm<\/p>\n<p>Nicht Sp\u00fclmaschinen geeignet.<\/p>\n","protected":false},"excerpt":{"rendered":"<p>Die kleine Schale wurde per Hand aus grauem Ton gefertigt. An der Oberseite wurde die Schale mit einer effektvollen, blau-grauen Glasur \u00fcberzogen. An der Unterseite ist der graue Ton nat\u00fcrlich belassen. Durchmesser: 14,5cm H\u00f6he: 2cm Nicht Sp\u00fclmaschinen geeignet.<\/p>\n","protected":false},"featured_media":2001,"template":"","meta":{"_acf_changed":false},"product_brand":[],"product_cat":[150,103],"product_tag":[],"class_list":{"0":"post-2000","1":"product","2":"type-product","3":"status-publish","4":"has-post-thumbnail","6":"product_cat-keramik","7":"product_cat-wohnen-deko","9":"first","10":"instock","11":"purchasable","12":"product-type-simple"},"acf":[],"_links":{"self":[{"href":"https:\/\/www.regionalis.shop\/naturtraeume\/wp-json\/wp\/v2\/product\/2000","targetHints":{"allow":["GET"]}}],"collection":[{"href":"https:\/\/www.regionalis.shop\/naturtraeume\/wp-json\/wp\/v2\/product"}],"about":[{"href":"https:\/\/www.regionalis.shop\/naturtraeume\/wp-json\/wp\/v2\/types\/product"}],"wp:featuredmedia":[{"embeddable":true,"href":"https:\/\/www.regionalis.shop\/naturtraeume\/wp-json\/wp\/v2\/media\/2001"}],"wp:attachment":[{"href":"https:\/\/www.regionalis.shop\/naturtraeume\/wp-json\/wp\/v2\/media?parent=2000"}],"wp:term":[{"taxonomy":"product_brand","embeddable":true,"href":"https:\/\/www.regionalis.shop\/naturtraeume\/wp-json\/wp\/v2\/product_brand?post=2000"},{"taxonomy":"product_cat","embeddable":true,"href":"https:\/\/www.regionalis.shop\/naturtraeume\/wp-json\/wp\/v2\/product_cat?post=2000"},{"taxonomy":"product_tag","embeddable":true,"href":"https:\/\/www.regionalis.shop\/naturtraeume\/wp-json\/wp\/v2\/product_tag?post=2000"}],"curies":[{"name":"wp","href":"https:\/\/api.w.org\/{rel}","templated":true}]}}