{"id":2012,"date":"2025-04-18T03:00:49","date_gmt":"2025-04-18T01:00:49","guid":{"rendered":"https:\/\/www.regionalis.shop\/naturtraeume\/product\/maritime-sommerdeko-aus-holz\/"},"modified":"2025-04-18T03:00:49","modified_gmt":"2025-04-18T01:00:49","slug":"maritime-sommerdeko-aus-holz","status":"publish","type":"product","link":"https:\/\/www.regionalis.shop\/naturtraeume\/shop\/maritime-sommerdeko-aus-holz\/","title":{"rendered":"Maritime Sommerdeko aus Holz"},"content":{"rendered":"<p>Diese handgemachten Holzs\u00e4ulen bringen ganz bestimmt Sommerfeeling in euer Zuhause!<\/p>\n<p>Das Holzpflock-Set besteht aus gefl\u00e4mmten Holzpfl\u00f6cken, die im oberen Teil mit wei\u00dfer Kreidefarbe bemalt und an der Unterseite mit einem beigen Seil verziert wurde.<br \/>\nEin besonderer Hingucker sind der aufgemalte Anker und das Steuerrad.<\/p>\n<p>H\u00f6he: 32,5cm<br \/>\nDurchmesser: ca. 16cm<\/p>\n","protected":false},"excerpt":{"rendered":"<p>Diese handgemachten Holzs\u00e4ulen bringen ganz bestimmt Sommerfeeling in euer Zuhause! Das Holzpflock-Set besteht aus gefl\u00e4mmten Holzpfl\u00f6cken, die im oberen Teil mit wei\u00dfer Kreidefarbe bemalt und an der Unterseite mit einem beigen Seil verziert wurde. Ein besonderer Hingucker sind der aufgemalte Anker und das Steuerrad. H\u00f6he: 32,5cm Durchmesser: ca. 16cm<\/p>\n","protected":false},"featured_media":2013,"template":"","meta":{"_acf_changed":false},"product_brand":[],"product_cat":[174,103],"product_tag":[],"class_list":{"0":"post-2012","1":"product","2":"type-product","3":"status-publish","4":"has-post-thumbnail","6":"product_cat-wohndekoration","7":"product_cat-wohnen-deko","9":"first","10":"instock","11":"purchasable","12":"product-type-simple"},"acf":[],"_links":{"self":[{"href":"https:\/\/www.regionalis.shop\/naturtraeume\/wp-json\/wp\/v2\/product\/2012","targetHints":{"allow":["GET"]}}],"collection":[{"href":"https:\/\/www.regionalis.shop\/naturtraeume\/wp-json\/wp\/v2\/product"}],"about":[{"href":"https:\/\/www.regionalis.shop\/naturtraeume\/wp-json\/wp\/v2\/types\/product"}],"wp:featuredmedia":[{"embeddable":true,"href":"https:\/\/www.regionalis.shop\/naturtraeume\/wp-json\/wp\/v2\/media\/2013"}],"wp:attachment":[{"href":"https:\/\/www.regionalis.shop\/naturtraeume\/wp-json\/wp\/v2\/media?parent=2012"}],"wp:term":[{"taxonomy":"product_brand","embeddable":true,"href":"https:\/\/www.regionalis.shop\/naturtraeume\/wp-json\/wp\/v2\/product_brand?post=2012"},{"taxonomy":"product_cat","embeddable":true,"href":"https:\/\/www.regionalis.shop\/naturtraeume\/wp-json\/wp\/v2\/product_cat?post=2012"},{"taxonomy":"product_tag","embeddable":true,"href":"https:\/\/www.regionalis.shop\/naturtraeume\/wp-json\/wp\/v2\/product_tag?post=2012"}],"curies":[{"name":"wp","href":"https:\/\/api.w.org\/{rel}","templated":true}]}}