{"id":2015,"date":"2025-04-18T02:53:39","date_gmt":"2025-04-18T00:53:39","guid":{"rendered":"https:\/\/www.regionalis.shop\/naturtraeume\/product\/holzkarte-happy-birthday-to-you\/"},"modified":"2025-04-18T02:53:39","modified_gmt":"2025-04-18T00:53:39","slug":"holzkarte-happy-birthday-to-you","status":"publish","type":"product","link":"https:\/\/www.regionalis.shop\/naturtraeume\/shop\/holzkarte-happy-birthday-to-you\/","title":{"rendered":"Holzkarte &#8222;Happy Birthday to you&#8220;"},"content":{"rendered":"<p>\u00dcberrascht eure Liebsten doch mal mit einer etwas anderen Karte!<\/p>\n<p>Die Karten werden mit viel Liebe zum Detail per Hand hergestellt.<\/p>\n<p>Zus\u00e4tzlich zum eingravierten Schriftzug dient als ganz besonderer Hingucker ein kleiner Blumenstrau\u00df aus Trockenblumen mit einer roten Schleife.<\/p>\n<p>Auf der R\u00fcckseite wird ein wei\u00dfes Blatt Papier angebracht, damit ihr auch noch eure pers\u00f6nlichen Worte darauf schreiben k\u00f6nnt.<\/p>\n<p>Holz: Pappel<\/p>\n<p>L\u00e4nge: 15cm<br \/>\nBreite: 10,5cm<\/p>\n","protected":false},"excerpt":{"rendered":"<p>\u00dcberrascht eure Liebsten doch mal mit einer etwas anderen Karte! Die Karten werden mit viel Liebe zum Detail per Hand hergestellt. Zus\u00e4tzlich zum eingravierten Schriftzug dient als ganz besonderer Hingucker ein kleiner Blumenstrau\u00df aus Trockenblumen mit einer roten Schleife. Auf der R\u00fcckseite wird ein wei\u00dfes Blatt Papier angebracht, damit ihr auch noch eure pers\u00f6nlichen Worte &hellip; <a href=\"https:\/\/www.regionalis.shop\/naturtraeume\/shop\/holzkarte-happy-birthday-to-you\/\">Continued<\/a><\/p>\n","protected":false},"featured_media":2016,"template":"","meta":{"_acf_changed":false},"product_brand":[],"product_cat":[134,62],"product_tag":[],"class_list":{"0":"post-2015","1":"product","2":"type-product","3":"status-publish","4":"has-post-thumbnail","6":"product_cat-geschenk-gruskarten","7":"product_cat-papeterie-schreibwaren","9":"first","10":"instock","11":"purchasable","12":"product-type-simple"},"acf":[],"_links":{"self":[{"href":"https:\/\/www.regionalis.shop\/naturtraeume\/wp-json\/wp\/v2\/product\/2015","targetHints":{"allow":["GET"]}}],"collection":[{"href":"https:\/\/www.regionalis.shop\/naturtraeume\/wp-json\/wp\/v2\/product"}],"about":[{"href":"https:\/\/www.regionalis.shop\/naturtraeume\/wp-json\/wp\/v2\/types\/product"}],"wp:featuredmedia":[{"embeddable":true,"href":"https:\/\/www.regionalis.shop\/naturtraeume\/wp-json\/wp\/v2\/media\/2016"}],"wp:attachment":[{"href":"https:\/\/www.regionalis.shop\/naturtraeume\/wp-json\/wp\/v2\/media?parent=2015"}],"wp:term":[{"taxonomy":"product_brand","embeddable":true,"href":"https:\/\/www.regionalis.shop\/naturtraeume\/wp-json\/wp\/v2\/product_brand?post=2015"},{"taxonomy":"product_cat","embeddable":true,"href":"https:\/\/www.regionalis.shop\/naturtraeume\/wp-json\/wp\/v2\/product_cat?post=2015"},{"taxonomy":"product_tag","embeddable":true,"href":"https:\/\/www.regionalis.shop\/naturtraeume\/wp-json\/wp\/v2\/product_tag?post=2015"}],"curies":[{"name":"wp","href":"https:\/\/api.w.org\/{rel}","templated":true}]}}