{"id":2020,"date":"2025-04-18T02:45:52","date_gmt":"2025-04-18T00:45:52","guid":{"rendered":"https:\/\/www.regionalis.shop\/naturtraeume\/product\/holzschild-mama-schoen-dass-es-dich-gibt\/"},"modified":"2025-04-18T02:45:52","modified_gmt":"2025-04-18T00:45:52","slug":"holzschild-mama-schoen-dass-es-dich-gibt","status":"publish","type":"product","link":"https:\/\/www.regionalis.shop\/naturtraeume\/shop\/holzschild-mama-schoen-dass-es-dich-gibt\/","title":{"rendered":"Holzschild &#8222;Mama sch\u00f6n, dass es dich gibt&#8220;"},"content":{"rendered":"<p>Diese Holzscheibe ist das ideale Geschenk f\u00fcr jede Mama, wie zum Beispiel zum Muttertag.<\/p>\n<p>Die Scheibe ist durch den eingravierten Schriftzug &#8222;Mama sch\u00f6n, dass es dich gibt&#8220; sowie einen Mini-Trockenblumenstrau\u00df mit einer weinroten Schleife und einen kleinen dunkelbraunen Schmetterling verziert.<\/p>\n<p>Zum Aufh\u00e4ngen dient eine Jutekordel, die noch zus\u00e4tzlich durch eine Perle verziert ist.<\/p>\n<p>Holz: Pappel<\/p>\n<p>Durchmesser: 15cm<\/p>\n","protected":false},"excerpt":{"rendered":"<p>Diese Holzscheibe ist das ideale Geschenk f\u00fcr jede Mama, wie zum Beispiel zum Muttertag. Die Scheibe ist durch den eingravierten Schriftzug &#8222;Mama sch\u00f6n, dass es dich gibt&#8220; sowie einen Mini-Trockenblumenstrau\u00df mit einer weinroten Schleife und einen kleinen dunkelbraunen Schmetterling verziert. Zum Aufh\u00e4ngen dient eine Jutekordel, die noch zus\u00e4tzlich durch eine Perle verziert ist. Holz: Pappel &hellip; <a href=\"https:\/\/www.regionalis.shop\/naturtraeume\/shop\/holzschild-mama-schoen-dass-es-dich-gibt\/\">Continued<\/a><\/p>\n","protected":false},"featured_media":2021,"template":"","meta":{"_acf_changed":false},"product_brand":[],"product_cat":[174,103],"product_tag":[],"class_list":{"0":"post-2020","1":"product","2":"type-product","3":"status-publish","4":"has-post-thumbnail","6":"product_cat-wohndekoration","7":"product_cat-wohnen-deko","9":"first","10":"instock","11":"purchasable","12":"product-type-simple"},"acf":[],"_links":{"self":[{"href":"https:\/\/www.regionalis.shop\/naturtraeume\/wp-json\/wp\/v2\/product\/2020","targetHints":{"allow":["GET"]}}],"collection":[{"href":"https:\/\/www.regionalis.shop\/naturtraeume\/wp-json\/wp\/v2\/product"}],"about":[{"href":"https:\/\/www.regionalis.shop\/naturtraeume\/wp-json\/wp\/v2\/types\/product"}],"wp:featuredmedia":[{"embeddable":true,"href":"https:\/\/www.regionalis.shop\/naturtraeume\/wp-json\/wp\/v2\/media\/2021"}],"wp:attachment":[{"href":"https:\/\/www.regionalis.shop\/naturtraeume\/wp-json\/wp\/v2\/media?parent=2020"}],"wp:term":[{"taxonomy":"product_brand","embeddable":true,"href":"https:\/\/www.regionalis.shop\/naturtraeume\/wp-json\/wp\/v2\/product_brand?post=2020"},{"taxonomy":"product_cat","embeddable":true,"href":"https:\/\/www.regionalis.shop\/naturtraeume\/wp-json\/wp\/v2\/product_cat?post=2020"},{"taxonomy":"product_tag","embeddable":true,"href":"https:\/\/www.regionalis.shop\/naturtraeume\/wp-json\/wp\/v2\/product_tag?post=2020"}],"curies":[{"name":"wp","href":"https:\/\/api.w.org\/{rel}","templated":true}]}}