{"id":2025,"date":"2025-04-18T02:19:33","date_gmt":"2025-04-18T00:19:33","guid":{"rendered":"https:\/\/www.regionalis.shop\/naturtraeume\/product\/ostergruss-frohe-ostern-auf-geflaemmtem-holzbrett\/"},"modified":"2025-04-18T02:19:33","modified_gmt":"2025-04-18T00:19:33","slug":"ostergruss-frohe-ostern-auf-geflaemmtem-holzbrett","status":"publish","type":"product","link":"https:\/\/www.regionalis.shop\/naturtraeume\/shop\/ostergruss-frohe-ostern-auf-geflaemmtem-holzbrett\/","title":{"rendered":"Ostergru\u00df \u201eFrohe Ostern\u201c auf gefl\u00e4mmtem Holzbrett"},"content":{"rendered":"<p>Dieser s\u00fcsse Ostergru\u00df ist doch das ideale Geschenk f\u00fcr eure Lieben!<\/p>\n<p>Das Holz wurde gefl\u00e4mmt und dann h\u00e4ndisch bemalt. Also besonderer Hingucker dient die Masche aus einer Jutekordel, die durch das Brett gef\u00e4ldelt ist. <\/p>\n<p>H\u00f6he: ca. 40cm<br \/>\nBreite: 10 cm<\/p>\n","protected":false},"excerpt":{"rendered":"<p>Dieser s\u00fcsse Ostergru\u00df ist doch das ideale Geschenk f\u00fcr eure Lieben! Das Holz wurde gefl\u00e4mmt und dann h\u00e4ndisch bemalt. Also besonderer Hingucker dient die Masche aus einer Jutekordel, die durch das Brett gef\u00e4ldelt ist. H\u00f6he: ca. 40cm Breite: 10 cm<\/p>\n","protected":false},"featured_media":2026,"template":"","meta":{"_acf_changed":false},"product_brand":[],"product_cat":[174,103],"product_tag":[],"class_list":{"0":"post-2025","1":"product","2":"type-product","3":"status-publish","4":"has-post-thumbnail","6":"product_cat-wohndekoration","7":"product_cat-wohnen-deko","9":"first","10":"instock","11":"purchasable","12":"product-type-simple"},"acf":[],"_links":{"self":[{"href":"https:\/\/www.regionalis.shop\/naturtraeume\/wp-json\/wp\/v2\/product\/2025","targetHints":{"allow":["GET"]}}],"collection":[{"href":"https:\/\/www.regionalis.shop\/naturtraeume\/wp-json\/wp\/v2\/product"}],"about":[{"href":"https:\/\/www.regionalis.shop\/naturtraeume\/wp-json\/wp\/v2\/types\/product"}],"wp:featuredmedia":[{"embeddable":true,"href":"https:\/\/www.regionalis.shop\/naturtraeume\/wp-json\/wp\/v2\/media\/2026"}],"wp:attachment":[{"href":"https:\/\/www.regionalis.shop\/naturtraeume\/wp-json\/wp\/v2\/media?parent=2025"}],"wp:term":[{"taxonomy":"product_brand","embeddable":true,"href":"https:\/\/www.regionalis.shop\/naturtraeume\/wp-json\/wp\/v2\/product_brand?post=2025"},{"taxonomy":"product_cat","embeddable":true,"href":"https:\/\/www.regionalis.shop\/naturtraeume\/wp-json\/wp\/v2\/product_cat?post=2025"},{"taxonomy":"product_tag","embeddable":true,"href":"https:\/\/www.regionalis.shop\/naturtraeume\/wp-json\/wp\/v2\/product_tag?post=2025"}],"curies":[{"name":"wp","href":"https:\/\/api.w.org\/{rel}","templated":true}]}}