{"id":2027,"date":"2025-04-18T02:10:26","date_gmt":"2025-04-18T00:10:26","guid":{"rendered":"https:\/\/www.regionalis.shop\/naturtraeume\/product\/fruehlings-weidenkranz\/"},"modified":"2025-04-18T02:10:26","modified_gmt":"2025-04-18T00:10:26","slug":"fruehlings-weidenkranz","status":"publish","type":"product","link":"https:\/\/www.regionalis.shop\/naturtraeume\/shop\/fruehlings-weidenkranz\/","title":{"rendered":"Fr\u00fchlings-Weidenkranz"},"content":{"rendered":"<p>Dieser T\u00fcrkranz besteht aus einem selbstgebundenen Weidenkranz, der mit einer beige-gr\u00fcnen Filzkordel umwickelt ist.<\/p>\n<p>Er ist durch eine Masche aus fr\u00fchlingshaften B\u00e4ndern in wei\u00df und gr\u00fcn sowie durch Holzschmetterlinge, Wachteleier, Federn, kleine Bastmaschen und einem Rinden-Hasen verziert<\/p>\n<p>Eine Jutekordel dient als Aufh\u00e4nger.<\/p>\n<p>Durchmesser: ca. 23cm<\/p>\n","protected":false},"excerpt":{"rendered":"<p>Dieser T\u00fcrkranz besteht aus einem selbstgebundenen Weidenkranz, der mit einer beige-gr\u00fcnen Filzkordel umwickelt ist. Er ist durch eine Masche aus fr\u00fchlingshaften B\u00e4ndern in wei\u00df und gr\u00fcn sowie durch Holzschmetterlinge, Wachteleier, Federn, kleine Bastmaschen und einem Rinden-Hasen verziert Eine Jutekordel dient als Aufh\u00e4nger. Durchmesser: ca. 23cm<\/p>\n","protected":false},"featured_media":2028,"template":"","meta":{"_acf_changed":false},"product_brand":[],"product_cat":[174,103],"product_tag":[],"class_list":{"0":"post-2027","1":"product","2":"type-product","3":"status-publish","4":"has-post-thumbnail","6":"product_cat-wohndekoration","7":"product_cat-wohnen-deko","9":"first","10":"instock","11":"purchasable","12":"product-type-simple"},"acf":[],"_links":{"self":[{"href":"https:\/\/www.regionalis.shop\/naturtraeume\/wp-json\/wp\/v2\/product\/2027","targetHints":{"allow":["GET"]}}],"collection":[{"href":"https:\/\/www.regionalis.shop\/naturtraeume\/wp-json\/wp\/v2\/product"}],"about":[{"href":"https:\/\/www.regionalis.shop\/naturtraeume\/wp-json\/wp\/v2\/types\/product"}],"wp:featuredmedia":[{"embeddable":true,"href":"https:\/\/www.regionalis.shop\/naturtraeume\/wp-json\/wp\/v2\/media\/2028"}],"wp:attachment":[{"href":"https:\/\/www.regionalis.shop\/naturtraeume\/wp-json\/wp\/v2\/media?parent=2027"}],"wp:term":[{"taxonomy":"product_brand","embeddable":true,"href":"https:\/\/www.regionalis.shop\/naturtraeume\/wp-json\/wp\/v2\/product_brand?post=2027"},{"taxonomy":"product_cat","embeddable":true,"href":"https:\/\/www.regionalis.shop\/naturtraeume\/wp-json\/wp\/v2\/product_cat?post=2027"},{"taxonomy":"product_tag","embeddable":true,"href":"https:\/\/www.regionalis.shop\/naturtraeume\/wp-json\/wp\/v2\/product_tag?post=2027"}],"curies":[{"name":"wp","href":"https:\/\/api.w.org\/{rel}","templated":true}]}}