{"id":2031,"date":"2025-04-18T02:10:26","date_gmt":"2025-04-18T00:10:26","guid":{"rendered":"https:\/\/www.regionalis.shop\/naturtraeume\/product\/geschenkanhaenger-ostern-klein\/"},"modified":"2025-04-18T02:10:26","modified_gmt":"2025-04-18T00:10:26","slug":"geschenkanhaenger-ostern-klein","status":"publish","type":"product","link":"https:\/\/www.regionalis.shop\/naturtraeume\/shop\/geschenkanhaenger-ostern-klein\/","title":{"rendered":"Geschenkanh\u00e4nger &#8222;Ostern&#8220; &#8211; klein"},"content":{"rendered":"<p>Dieser Geschenkanh\u00e4nger ist der Hingucker auf jedem Ostergeschenk!<\/p>\n<p>Der Anh\u00e4nger ist mit einem kleinen, mit Kreidefarben bemalten H\u00e4schen und dem eingravierten Schriftzug &#8222;Frohe Ostern&#8220; verziert.<\/p>\n<p>Um ihn am Geschenk zu befestigen, wir eine d\u00fcnne Baumwollschnur eingef\u00e4delt.<\/p>\n<p>L\u00e4nge: 6cm<br \/>\nBreite: 4cm<\/p>\n","protected":false},"excerpt":{"rendered":"<p>Dieser Geschenkanh\u00e4nger ist der Hingucker auf jedem Ostergeschenk! Der Anh\u00e4nger ist mit einem kleinen, mit Kreidefarben bemalten H\u00e4schen und dem eingravierten Schriftzug &#8222;Frohe Ostern&#8220; verziert. Um ihn am Geschenk zu befestigen, wir eine d\u00fcnne Baumwollschnur eingef\u00e4delt. L\u00e4nge: 6cm Breite: 4cm<\/p>\n","protected":false},"featured_media":2032,"template":"","meta":{"_acf_changed":false},"product_brand":[],"product_cat":[116,62],"product_tag":[],"class_list":{"0":"post-2031","1":"product","2":"type-product","3":"status-publish","4":"has-post-thumbnail","6":"product_cat-billets-geschenkanhanger","7":"product_cat-papeterie-schreibwaren","9":"first","10":"instock","11":"purchasable","12":"product-type-simple"},"acf":[],"_links":{"self":[{"href":"https:\/\/www.regionalis.shop\/naturtraeume\/wp-json\/wp\/v2\/product\/2031","targetHints":{"allow":["GET"]}}],"collection":[{"href":"https:\/\/www.regionalis.shop\/naturtraeume\/wp-json\/wp\/v2\/product"}],"about":[{"href":"https:\/\/www.regionalis.shop\/naturtraeume\/wp-json\/wp\/v2\/types\/product"}],"wp:featuredmedia":[{"embeddable":true,"href":"https:\/\/www.regionalis.shop\/naturtraeume\/wp-json\/wp\/v2\/media\/2032"}],"wp:attachment":[{"href":"https:\/\/www.regionalis.shop\/naturtraeume\/wp-json\/wp\/v2\/media?parent=2031"}],"wp:term":[{"taxonomy":"product_brand","embeddable":true,"href":"https:\/\/www.regionalis.shop\/naturtraeume\/wp-json\/wp\/v2\/product_brand?post=2031"},{"taxonomy":"product_cat","embeddable":true,"href":"https:\/\/www.regionalis.shop\/naturtraeume\/wp-json\/wp\/v2\/product_cat?post=2031"},{"taxonomy":"product_tag","embeddable":true,"href":"https:\/\/www.regionalis.shop\/naturtraeume\/wp-json\/wp\/v2\/product_tag?post=2031"}],"curies":[{"name":"wp","href":"https:\/\/api.w.org\/{rel}","templated":true}]}}