{"id":2037,"date":"2025-04-18T02:10:26","date_gmt":"2025-04-18T00:10:26","guid":{"rendered":"https:\/\/www.regionalis.shop\/naturtraeume\/product\/deko-vogelhaeuschen\/"},"modified":"2025-04-18T02:10:26","modified_gmt":"2025-04-18T00:10:26","slug":"deko-vogelhaeuschen","status":"publish","type":"product","link":"https:\/\/www.regionalis.shop\/naturtraeume\/shop\/deko-vogelhaeuschen\/","title":{"rendered":"Deko-Vogelh\u00e4uschen"},"content":{"rendered":"<p>Dieses kleine Vogelh\u00e4uschen wurde aus Sperrholzplatten gefertigt und anschlie\u00dfend mit grauer und roter Farben bemalt.<\/p>\n<p>Auf Wunsch kann ein Schriftzug nach Wahl mit dem Laser eingebrannt werden.<\/p>\n<p>H\u00f6he: 14cm<br \/>\nBreite: 13cm<\/p>\n<p>*Nur f\u00fcr den Innenbereich geeignet!*<\/p>\n","protected":false},"excerpt":{"rendered":"<p>Dieses kleine Vogelh\u00e4uschen wurde aus Sperrholzplatten gefertigt und anschlie\u00dfend mit grauer und roter Farben bemalt. Auf Wunsch kann ein Schriftzug nach Wahl mit dem Laser eingebrannt werden. H\u00f6he: 14cm Breite: 13cm *Nur f\u00fcr den Innenbereich geeignet!*<\/p>\n","protected":false},"featured_media":2038,"template":"","meta":{"_acf_changed":false},"product_brand":[],"product_cat":[174,103],"product_tag":[],"class_list":{"0":"post-2037","1":"product","2":"type-product","3":"status-publish","4":"has-post-thumbnail","6":"product_cat-wohndekoration","7":"product_cat-wohnen-deko","9":"first","10":"instock","11":"purchasable","12":"product-type-simple"},"acf":[],"_links":{"self":[{"href":"https:\/\/www.regionalis.shop\/naturtraeume\/wp-json\/wp\/v2\/product\/2037","targetHints":{"allow":["GET"]}}],"collection":[{"href":"https:\/\/www.regionalis.shop\/naturtraeume\/wp-json\/wp\/v2\/product"}],"about":[{"href":"https:\/\/www.regionalis.shop\/naturtraeume\/wp-json\/wp\/v2\/types\/product"}],"wp:featuredmedia":[{"embeddable":true,"href":"https:\/\/www.regionalis.shop\/naturtraeume\/wp-json\/wp\/v2\/media\/2038"}],"wp:attachment":[{"href":"https:\/\/www.regionalis.shop\/naturtraeume\/wp-json\/wp\/v2\/media?parent=2037"}],"wp:term":[{"taxonomy":"product_brand","embeddable":true,"href":"https:\/\/www.regionalis.shop\/naturtraeume\/wp-json\/wp\/v2\/product_brand?post=2037"},{"taxonomy":"product_cat","embeddable":true,"href":"https:\/\/www.regionalis.shop\/naturtraeume\/wp-json\/wp\/v2\/product_cat?post=2037"},{"taxonomy":"product_tag","embeddable":true,"href":"https:\/\/www.regionalis.shop\/naturtraeume\/wp-json\/wp\/v2\/product_tag?post=2037"}],"curies":[{"name":"wp","href":"https:\/\/api.w.org\/{rel}","templated":true}]}}