{"id":2041,"date":"2025-04-18T02:10:26","date_gmt":"2025-04-18T00:10:26","guid":{"rendered":"https:\/\/www.regionalis.shop\/naturtraeume\/product\/deko-haeuschen-mit-gravur\/"},"modified":"2025-04-18T02:10:26","modified_gmt":"2025-04-18T00:10:26","slug":"deko-haeuschen-mit-gravur","status":"publish","type":"product","link":"https:\/\/www.regionalis.shop\/naturtraeume\/shop\/deko-haeuschen-mit-gravur\/","title":{"rendered":"Deko-H\u00e4uschen mit Gravur"},"content":{"rendered":"<p>Das kleine Holzh\u00e4uschen kann sowohl f\u00fcr die Fr\u00fchlingsdekoration, als auch ganzj\u00e4hrig verwendet werden.<br \/>\nDas H\u00e4uschen wurde h\u00e4ndisch zugeschnitten und mit Kreidefarbe bemalt. Anschlie\u00dfend wurde der Schriftzug hineingelasert.<\/p>\n<p>H\u00f6he: ca. 8cm<br \/>\nBreite: 6,5cm<\/p>\n<p>Nur f\u00fcr den Innenbereich geeignet.<br \/>\nBitte beachte, dass jedes Holzst\u00fcck ein wenig anders ist, da sie alle Naturmaterialien sind.<\/p>\n","protected":false},"excerpt":{"rendered":"<p>Das kleine Holzh\u00e4uschen kann sowohl f\u00fcr die Fr\u00fchlingsdekoration, als auch ganzj\u00e4hrig verwendet werden. Das H\u00e4uschen wurde h\u00e4ndisch zugeschnitten und mit Kreidefarbe bemalt. Anschlie\u00dfend wurde der Schriftzug hineingelasert. H\u00f6he: ca. 8cm Breite: 6,5cm Nur f\u00fcr den Innenbereich geeignet. Bitte beachte, dass jedes Holzst\u00fcck ein wenig anders ist, da sie alle Naturmaterialien sind.<\/p>\n","protected":false},"featured_media":2042,"template":"","meta":{"_acf_changed":false},"product_brand":[],"product_cat":[174,103],"product_tag":[],"class_list":{"0":"post-2041","1":"product","2":"type-product","3":"status-publish","4":"has-post-thumbnail","6":"product_cat-wohndekoration","7":"product_cat-wohnen-deko","9":"first","10":"instock","11":"purchasable","12":"product-type-simple"},"acf":[],"_links":{"self":[{"href":"https:\/\/www.regionalis.shop\/naturtraeume\/wp-json\/wp\/v2\/product\/2041","targetHints":{"allow":["GET"]}}],"collection":[{"href":"https:\/\/www.regionalis.shop\/naturtraeume\/wp-json\/wp\/v2\/product"}],"about":[{"href":"https:\/\/www.regionalis.shop\/naturtraeume\/wp-json\/wp\/v2\/types\/product"}],"wp:featuredmedia":[{"embeddable":true,"href":"https:\/\/www.regionalis.shop\/naturtraeume\/wp-json\/wp\/v2\/media\/2042"}],"wp:attachment":[{"href":"https:\/\/www.regionalis.shop\/naturtraeume\/wp-json\/wp\/v2\/media?parent=2041"}],"wp:term":[{"taxonomy":"product_brand","embeddable":true,"href":"https:\/\/www.regionalis.shop\/naturtraeume\/wp-json\/wp\/v2\/product_brand?post=2041"},{"taxonomy":"product_cat","embeddable":true,"href":"https:\/\/www.regionalis.shop\/naturtraeume\/wp-json\/wp\/v2\/product_cat?post=2041"},{"taxonomy":"product_tag","embeddable":true,"href":"https:\/\/www.regionalis.shop\/naturtraeume\/wp-json\/wp\/v2\/product_tag?post=2041"}],"curies":[{"name":"wp","href":"https:\/\/api.w.org\/{rel}","templated":true}]}}