{"id":2046,"date":"2025-04-18T02:10:26","date_gmt":"2025-04-18T00:10:26","guid":{"rendered":"https:\/\/www.regionalis.shop\/naturtraeume\/product\/fruehlingshafte-dekosaeule-mit-windlicht-geschwungen\/"},"modified":"2025-04-18T02:10:26","modified_gmt":"2025-04-18T00:10:26","slug":"fruehlingshafte-dekosaeule-mit-windlicht-geschwungen","status":"publish","type":"product","link":"https:\/\/www.regionalis.shop\/naturtraeume\/shop\/fruehlingshafte-dekosaeule-mit-windlicht-geschwungen\/","title":{"rendered":"Fr\u00fchlingshafte Dekos\u00e4ule mit Windlicht geschwungen"},"content":{"rendered":"<p>Diese handgemachte fr\u00fchlingshafte S\u00e4ule wurde aus einem St\u00fcck gefl\u00e4mmten Holz gefertigt.<\/p>\n<p>Die S\u00e4ule wurde durch gr\u00fcnen Filz, ein wei\u00dfes und hellgr\u00fcnes Band sowie ein Herz aus Rinde und Holzperlen auf einer Jutekordel verziert.<\/p>\n<p>Am oberen Ende der Holzs\u00e4ule befindet sich ein geschwungenes Windlicht mit einer grauen Kerze sowie wei\u00dfen Dekorsteinen.<\/p>\n<p>H\u00f6he: 46cm<br \/>\nBreite: 10cm<br \/>\nTiefe: 10cm<\/p>\n","protected":false},"excerpt":{"rendered":"<p>Diese handgemachte fr\u00fchlingshafte S\u00e4ule wurde aus einem St\u00fcck gefl\u00e4mmten Holz gefertigt. Die S\u00e4ule wurde durch gr\u00fcnen Filz, ein wei\u00dfes und hellgr\u00fcnes Band sowie ein Herz aus Rinde und Holzperlen auf einer Jutekordel verziert. Am oberen Ende der Holzs\u00e4ule befindet sich ein geschwungenes Windlicht mit einer grauen Kerze sowie wei\u00dfen Dekorsteinen. H\u00f6he: 46cm Breite: 10cm Tiefe: &hellip; <a href=\"https:\/\/www.regionalis.shop\/naturtraeume\/shop\/fruehlingshafte-dekosaeule-mit-windlicht-geschwungen\/\">Continued<\/a><\/p>\n","protected":false},"featured_media":2047,"template":"","meta":{"_acf_changed":false},"product_brand":[],"product_cat":[174,103],"product_tag":[],"class_list":{"0":"post-2046","1":"product","2":"type-product","3":"status-publish","4":"has-post-thumbnail","6":"product_cat-wohndekoration","7":"product_cat-wohnen-deko","9":"first","10":"instock","11":"purchasable","12":"product-type-simple"},"acf":[],"_links":{"self":[{"href":"https:\/\/www.regionalis.shop\/naturtraeume\/wp-json\/wp\/v2\/product\/2046","targetHints":{"allow":["GET"]}}],"collection":[{"href":"https:\/\/www.regionalis.shop\/naturtraeume\/wp-json\/wp\/v2\/product"}],"about":[{"href":"https:\/\/www.regionalis.shop\/naturtraeume\/wp-json\/wp\/v2\/types\/product"}],"wp:featuredmedia":[{"embeddable":true,"href":"https:\/\/www.regionalis.shop\/naturtraeume\/wp-json\/wp\/v2\/media\/2047"}],"wp:attachment":[{"href":"https:\/\/www.regionalis.shop\/naturtraeume\/wp-json\/wp\/v2\/media?parent=2046"}],"wp:term":[{"taxonomy":"product_brand","embeddable":true,"href":"https:\/\/www.regionalis.shop\/naturtraeume\/wp-json\/wp\/v2\/product_brand?post=2046"},{"taxonomy":"product_cat","embeddable":true,"href":"https:\/\/www.regionalis.shop\/naturtraeume\/wp-json\/wp\/v2\/product_cat?post=2046"},{"taxonomy":"product_tag","embeddable":true,"href":"https:\/\/www.regionalis.shop\/naturtraeume\/wp-json\/wp\/v2\/product_tag?post=2046"}],"curies":[{"name":"wp","href":"https:\/\/api.w.org\/{rel}","templated":true}]}}