{"id":2050,"date":"2025-04-18T02:07:34","date_gmt":"2025-04-18T00:07:34","guid":{"rendered":"https:\/\/www.regionalis.shop\/naturtraeume\/product\/fruehlingskaraffe-schmetterling\/"},"modified":"2025-04-18T02:07:34","modified_gmt":"2025-04-18T00:07:34","slug":"fruehlingskaraffe-schmetterling","status":"publish","type":"product","link":"https:\/\/www.regionalis.shop\/naturtraeume\/shop\/fruehlingskaraffe-schmetterling\/","title":{"rendered":"Fr\u00fchlingskaraffe &#8222;Schmetterling&#8220;"},"content":{"rendered":"<p>Diese Fr\u00fchlingskaraffe passt perfekt in jede Fr\u00fchjahrsdekoration.<\/p>\n<p>Sie wurde mit viel Liebe mit einer braunen Jutekordel und einem wei\u00dfen Holzschmetterling verziert.<\/p>\n<p>H\u00f6he: 20cm<br \/>\nDurchmesser: 10,5cm<br \/>\nInhalt: 1l<\/p>\n","protected":false},"excerpt":{"rendered":"<p>Diese Fr\u00fchlingskaraffe passt perfekt in jede Fr\u00fchjahrsdekoration. Sie wurde mit viel Liebe mit einer braunen Jutekordel und einem wei\u00dfen Holzschmetterling verziert. H\u00f6he: 20cm Durchmesser: 10,5cm Inhalt: 1l<\/p>\n","protected":false},"featured_media":2051,"template":"","meta":{"_acf_changed":false},"product_brand":[],"product_cat":[174,103],"product_tag":[],"class_list":{"0":"post-2050","1":"product","2":"type-product","3":"status-publish","4":"has-post-thumbnail","6":"product_cat-wohndekoration","7":"product_cat-wohnen-deko","9":"first","10":"instock","11":"purchasable","12":"product-type-simple"},"acf":[],"_links":{"self":[{"href":"https:\/\/www.regionalis.shop\/naturtraeume\/wp-json\/wp\/v2\/product\/2050","targetHints":{"allow":["GET"]}}],"collection":[{"href":"https:\/\/www.regionalis.shop\/naturtraeume\/wp-json\/wp\/v2\/product"}],"about":[{"href":"https:\/\/www.regionalis.shop\/naturtraeume\/wp-json\/wp\/v2\/types\/product"}],"wp:featuredmedia":[{"embeddable":true,"href":"https:\/\/www.regionalis.shop\/naturtraeume\/wp-json\/wp\/v2\/media\/2051"}],"wp:attachment":[{"href":"https:\/\/www.regionalis.shop\/naturtraeume\/wp-json\/wp\/v2\/media?parent=2050"}],"wp:term":[{"taxonomy":"product_brand","embeddable":true,"href":"https:\/\/www.regionalis.shop\/naturtraeume\/wp-json\/wp\/v2\/product_brand?post=2050"},{"taxonomy":"product_cat","embeddable":true,"href":"https:\/\/www.regionalis.shop\/naturtraeume\/wp-json\/wp\/v2\/product_cat?post=2050"},{"taxonomy":"product_tag","embeddable":true,"href":"https:\/\/www.regionalis.shop\/naturtraeume\/wp-json\/wp\/v2\/product_tag?post=2050"}],"curies":[{"name":"wp","href":"https:\/\/api.w.org\/{rel}","templated":true}]}}