{"id":2053,"date":"2025-04-18T02:06:24","date_gmt":"2025-04-18T00:06:24","guid":{"rendered":"https:\/\/www.regionalis.shop\/naturtraeume\/product\/fruehlingsflasche-schmetterling\/"},"modified":"2025-04-18T02:06:24","modified_gmt":"2025-04-18T00:06:24","slug":"fruehlingsflasche-schmetterling","status":"publish","type":"product","link":"https:\/\/www.regionalis.shop\/naturtraeume\/shop\/fruehlingsflasche-schmetterling\/","title":{"rendered":"Fr\u00fchlingsflasche &#8222;Schmetterling&#8220;"},"content":{"rendered":"<p>Diese kleinen Fr\u00fchlingsfl\u00e4schchen passen perfekt in jede Fr\u00fchjahrsdekoration.<\/p>\n<p>Sie wurden mit viel Liebe mit einem beigen Juteband, einer wei\u00dfen Spitze, einer Kordel und einem wei\u00dfen Holzschmetterling verziert.<\/p>\n<p>H\u00f6he: 22,5cm<\/p>\n","protected":false},"excerpt":{"rendered":"<p>Diese kleinen Fr\u00fchlingsfl\u00e4schchen passen perfekt in jede Fr\u00fchjahrsdekoration. Sie wurden mit viel Liebe mit einem beigen Juteband, einer wei\u00dfen Spitze, einer Kordel und einem wei\u00dfen Holzschmetterling verziert. H\u00f6he: 22,5cm<\/p>\n","protected":false},"featured_media":2054,"template":"","meta":{"_acf_changed":false},"product_brand":[],"product_cat":[174,103],"product_tag":[],"class_list":{"0":"post-2053","1":"product","2":"type-product","3":"status-publish","4":"has-post-thumbnail","6":"product_cat-wohndekoration","7":"product_cat-wohnen-deko","9":"first","10":"instock","11":"purchasable","12":"product-type-simple"},"acf":[],"_links":{"self":[{"href":"https:\/\/www.regionalis.shop\/naturtraeume\/wp-json\/wp\/v2\/product\/2053","targetHints":{"allow":["GET"]}}],"collection":[{"href":"https:\/\/www.regionalis.shop\/naturtraeume\/wp-json\/wp\/v2\/product"}],"about":[{"href":"https:\/\/www.regionalis.shop\/naturtraeume\/wp-json\/wp\/v2\/types\/product"}],"wp:featuredmedia":[{"embeddable":true,"href":"https:\/\/www.regionalis.shop\/naturtraeume\/wp-json\/wp\/v2\/media\/2054"}],"wp:attachment":[{"href":"https:\/\/www.regionalis.shop\/naturtraeume\/wp-json\/wp\/v2\/media?parent=2053"}],"wp:term":[{"taxonomy":"product_brand","embeddable":true,"href":"https:\/\/www.regionalis.shop\/naturtraeume\/wp-json\/wp\/v2\/product_brand?post=2053"},{"taxonomy":"product_cat","embeddable":true,"href":"https:\/\/www.regionalis.shop\/naturtraeume\/wp-json\/wp\/v2\/product_cat?post=2053"},{"taxonomy":"product_tag","embeddable":true,"href":"https:\/\/www.regionalis.shop\/naturtraeume\/wp-json\/wp\/v2\/product_tag?post=2053"}],"curies":[{"name":"wp","href":"https:\/\/api.w.org\/{rel}","templated":true}]}}