{"id":2059,"date":"2025-04-18T02:03:43","date_gmt":"2025-04-18T00:03:43","guid":{"rendered":"https:\/\/www.regionalis.shop\/naturtraeume\/product\/personalisiertes-osternest-aus-filz\/"},"modified":"2025-04-18T02:03:43","modified_gmt":"2025-04-18T00:03:43","slug":"personalisiertes-osternest-aus-filz","status":"publish","type":"product","link":"https:\/\/www.regionalis.shop\/naturtraeume\/shop\/personalisiertes-osternest-aus-filz\/","title":{"rendered":"Personalisiertes Osternest aus Filz"},"content":{"rendered":"<p>Dieses handgen\u00e4hte Osternest wurde aus Filz gefertigt.<br \/>\nDie Perlen, die auf einer Schnur, an der Vorderseite aufgef\u00e4delt sind, werden je nach Wunsch mit dem Laserbrenner personalisiert.<\/p>\n<p>Somit ist es das ideale Ostergeschenk f\u00fcr Gro\u00df und Klein!<\/p>\n<p>H\u00f6he: 17cm<br \/>\nBreite: 17cm<\/p>\n","protected":false},"excerpt":{"rendered":"<p>Dieses handgen\u00e4hte Osternest wurde aus Filz gefertigt. Die Perlen, die auf einer Schnur, an der Vorderseite aufgef\u00e4delt sind, werden je nach Wunsch mit dem Laserbrenner personalisiert. Somit ist es das ideale Ostergeschenk f\u00fcr Gro\u00df und Klein! H\u00f6he: 17cm Breite: 17cm<\/p>\n","protected":false},"featured_media":2060,"template":"","meta":{"_acf_changed":false},"product_brand":[],"product_cat":[172,103],"product_tag":[],"class_list":{"0":"post-2059","1":"product","2":"type-product","3":"status-publish","4":"has-post-thumbnail","6":"product_cat-verpacken-verstauen","7":"product_cat-wohnen-deko","9":"first","10":"instock","11":"purchasable","12":"product-type-simple"},"acf":[],"_links":{"self":[{"href":"https:\/\/www.regionalis.shop\/naturtraeume\/wp-json\/wp\/v2\/product\/2059","targetHints":{"allow":["GET"]}}],"collection":[{"href":"https:\/\/www.regionalis.shop\/naturtraeume\/wp-json\/wp\/v2\/product"}],"about":[{"href":"https:\/\/www.regionalis.shop\/naturtraeume\/wp-json\/wp\/v2\/types\/product"}],"wp:featuredmedia":[{"embeddable":true,"href":"https:\/\/www.regionalis.shop\/naturtraeume\/wp-json\/wp\/v2\/media\/2060"}],"wp:attachment":[{"href":"https:\/\/www.regionalis.shop\/naturtraeume\/wp-json\/wp\/v2\/media?parent=2059"}],"wp:term":[{"taxonomy":"product_brand","embeddable":true,"href":"https:\/\/www.regionalis.shop\/naturtraeume\/wp-json\/wp\/v2\/product_brand?post=2059"},{"taxonomy":"product_cat","embeddable":true,"href":"https:\/\/www.regionalis.shop\/naturtraeume\/wp-json\/wp\/v2\/product_cat?post=2059"},{"taxonomy":"product_tag","embeddable":true,"href":"https:\/\/www.regionalis.shop\/naturtraeume\/wp-json\/wp\/v2\/product_tag?post=2059"}],"curies":[{"name":"wp","href":"https:\/\/api.w.org\/{rel}","templated":true}]}}