{"id":2086,"date":"2025-04-18T02:01:34","date_gmt":"2025-04-18T00:01:34","guid":{"rendered":"https:\/\/www.regionalis.shop\/naturtraeume\/product\/teller-in-steinoptik-mit-ritz-muster\/"},"modified":"2025-04-18T02:01:34","modified_gmt":"2025-04-18T00:01:34","slug":"teller-in-steinoptik-mit-ritz-muster","status":"publish","type":"product","link":"https:\/\/www.regionalis.shop\/naturtraeume\/shop\/teller-in-steinoptik-mit-ritz-muster\/","title":{"rendered":"Teller in Steinoptik mit Ritz-Muster"},"content":{"rendered":"<p>Der handgemachten Teller in Steinoptik wurden in ungebranntem Zustand durch ein Ritz-Muster verziert.<\/p>\n<p>Durch Abwaschen des noch\u00a0 ungebrannten Tons kommt die steinige Oberfl\u00e4che des Tellers zustande.<\/p>\n<p>L\u00e4nge: 14cm<br \/>\nBreite: 14cm<\/p>\n<p>Nicht Sp\u00fclmaschinen geeignet.<\/p>\n","protected":false},"excerpt":{"rendered":"<p>Der handgemachten Teller in Steinoptik wurden in ungebranntem Zustand durch ein Ritz-Muster verziert. Durch Abwaschen des noch\u00a0 ungebrannten Tons kommt die steinige Oberfl\u00e4che des Tellers zustande. L\u00e4nge: 14cm Breite: 14cm Nicht Sp\u00fclmaschinen geeignet.<\/p>\n","protected":false},"featured_media":2087,"template":"","meta":{"_acf_changed":false},"product_brand":[],"product_cat":[174,103],"product_tag":[],"class_list":{"0":"post-2086","1":"product","2":"type-product","3":"status-publish","4":"has-post-thumbnail","6":"product_cat-wohndekoration","7":"product_cat-wohnen-deko","9":"first","10":"instock","11":"purchasable","12":"product-type-simple"},"acf":[],"_links":{"self":[{"href":"https:\/\/www.regionalis.shop\/naturtraeume\/wp-json\/wp\/v2\/product\/2086","targetHints":{"allow":["GET"]}}],"collection":[{"href":"https:\/\/www.regionalis.shop\/naturtraeume\/wp-json\/wp\/v2\/product"}],"about":[{"href":"https:\/\/www.regionalis.shop\/naturtraeume\/wp-json\/wp\/v2\/types\/product"}],"wp:featuredmedia":[{"embeddable":true,"href":"https:\/\/www.regionalis.shop\/naturtraeume\/wp-json\/wp\/v2\/media\/2087"}],"wp:attachment":[{"href":"https:\/\/www.regionalis.shop\/naturtraeume\/wp-json\/wp\/v2\/media?parent=2086"}],"wp:term":[{"taxonomy":"product_brand","embeddable":true,"href":"https:\/\/www.regionalis.shop\/naturtraeume\/wp-json\/wp\/v2\/product_brand?post=2086"},{"taxonomy":"product_cat","embeddable":true,"href":"https:\/\/www.regionalis.shop\/naturtraeume\/wp-json\/wp\/v2\/product_cat?post=2086"},{"taxonomy":"product_tag","embeddable":true,"href":"https:\/\/www.regionalis.shop\/naturtraeume\/wp-json\/wp\/v2\/product_tag?post=2086"}],"curies":[{"name":"wp","href":"https:\/\/api.w.org\/{rel}","templated":true}]}}