{"id":2089,"date":"2025-04-18T02:01:34","date_gmt":"2025-04-18T00:01:34","guid":{"rendered":"https:\/\/www.regionalis.shop\/naturtraeume\/product\/platte-in-steinoptik-mit-ritz-muster\/"},"modified":"2025-04-18T02:01:34","modified_gmt":"2025-04-18T00:01:34","slug":"platte-in-steinoptik-mit-ritz-muster","status":"publish","type":"product","link":"https:\/\/www.regionalis.shop\/naturtraeume\/shop\/platte-in-steinoptik-mit-ritz-muster\/","title":{"rendered":"Platte in Steinoptik mit Ritz-Muster"},"content":{"rendered":"<p>Die handgemachte Platte in Steinoptik wurde in ungebranntem Zustand durch ein Ritz-Muster verziert und wei\u00df bemalt.<br \/>\nDurch Abwaschen des noch\u00a0 ungebrannten Tons kommt die steinige Oberfl\u00e4che der Platte zustande.<\/p>\n<p>L\u00e4nge: ca. 17cm<br \/>\nBreite: ca. 15cm<\/p>\n<p>Nicht Sp\u00fclmaschinen geeignet.&#8220;<\/p>\n","protected":false},"excerpt":{"rendered":"<p>Die handgemachte Platte in Steinoptik wurde in ungebranntem Zustand durch ein Ritz-Muster verziert und wei\u00df bemalt. Durch Abwaschen des noch\u00a0 ungebrannten Tons kommt die steinige Oberfl\u00e4che der Platte zustande. L\u00e4nge: ca. 17cm Breite: ca. 15cm Nicht Sp\u00fclmaschinen geeignet.&#8220;<\/p>\n","protected":false},"featured_media":2090,"template":"","meta":{"_acf_changed":false},"product_brand":[],"product_cat":[174,103],"product_tag":[],"class_list":{"0":"post-2089","1":"product","2":"type-product","3":"status-publish","4":"has-post-thumbnail","6":"product_cat-wohndekoration","7":"product_cat-wohnen-deko","9":"first","10":"instock","11":"purchasable","12":"product-type-simple"},"acf":[],"_links":{"self":[{"href":"https:\/\/www.regionalis.shop\/naturtraeume\/wp-json\/wp\/v2\/product\/2089","targetHints":{"allow":["GET"]}}],"collection":[{"href":"https:\/\/www.regionalis.shop\/naturtraeume\/wp-json\/wp\/v2\/product"}],"about":[{"href":"https:\/\/www.regionalis.shop\/naturtraeume\/wp-json\/wp\/v2\/types\/product"}],"wp:featuredmedia":[{"embeddable":true,"href":"https:\/\/www.regionalis.shop\/naturtraeume\/wp-json\/wp\/v2\/media\/2090"}],"wp:attachment":[{"href":"https:\/\/www.regionalis.shop\/naturtraeume\/wp-json\/wp\/v2\/media?parent=2089"}],"wp:term":[{"taxonomy":"product_brand","embeddable":true,"href":"https:\/\/www.regionalis.shop\/naturtraeume\/wp-json\/wp\/v2\/product_brand?post=2089"},{"taxonomy":"product_cat","embeddable":true,"href":"https:\/\/www.regionalis.shop\/naturtraeume\/wp-json\/wp\/v2\/product_cat?post=2089"},{"taxonomy":"product_tag","embeddable":true,"href":"https:\/\/www.regionalis.shop\/naturtraeume\/wp-json\/wp\/v2\/product_tag?post=2089"}],"curies":[{"name":"wp","href":"https:\/\/api.w.org\/{rel}","templated":true}]}}