{"id":2092,"date":"2025-04-18T02:00:59","date_gmt":"2025-04-18T00:00:59","guid":{"rendered":"https:\/\/www.regionalis.shop\/naturtraeume\/product\/keramikschuessel-mit-ritzmuster\/"},"modified":"2025-04-18T02:00:59","modified_gmt":"2025-04-18T00:00:59","slug":"keramikschuessel-mit-ritzmuster","status":"publish","type":"product","link":"https:\/\/www.regionalis.shop\/naturtraeume\/shop\/keramikschuessel-mit-ritzmuster\/","title":{"rendered":"Keramiksch\u00fcssel mit Ritzmuster"},"content":{"rendered":"<p>Die handgemachte Sch\u00fcssel wurde in ungebranntem Zustand au\u00dfen gr\u00fcn bemalt und anschlie\u00dfend durch ein Ritz-Muster verziert.<\/p>\n<p>Innen wurde die Sch\u00fcssel dunkelbraun glasiert.<\/p>\n<p>Durchmesser: 11cm<br \/>\nH\u00f6he: 5cm<\/p>\n<p>Nicht Sp\u00fclmaschinen geeignet.<\/p>\n","protected":false},"excerpt":{"rendered":"<p>Die handgemachte Sch\u00fcssel wurde in ungebranntem Zustand au\u00dfen gr\u00fcn bemalt und anschlie\u00dfend durch ein Ritz-Muster verziert. Innen wurde die Sch\u00fcssel dunkelbraun glasiert. Durchmesser: 11cm H\u00f6he: 5cm Nicht Sp\u00fclmaschinen geeignet.<\/p>\n","protected":false},"featured_media":2093,"template":"","meta":{"_acf_changed":false},"product_brand":[],"product_cat":[150,103],"product_tag":[],"class_list":{"0":"post-2092","1":"product","2":"type-product","3":"status-publish","4":"has-post-thumbnail","6":"product_cat-keramik","7":"product_cat-wohnen-deko","9":"first","10":"instock","11":"purchasable","12":"product-type-simple"},"acf":[],"_links":{"self":[{"href":"https:\/\/www.regionalis.shop\/naturtraeume\/wp-json\/wp\/v2\/product\/2092","targetHints":{"allow":["GET"]}}],"collection":[{"href":"https:\/\/www.regionalis.shop\/naturtraeume\/wp-json\/wp\/v2\/product"}],"about":[{"href":"https:\/\/www.regionalis.shop\/naturtraeume\/wp-json\/wp\/v2\/types\/product"}],"wp:featuredmedia":[{"embeddable":true,"href":"https:\/\/www.regionalis.shop\/naturtraeume\/wp-json\/wp\/v2\/media\/2093"}],"wp:attachment":[{"href":"https:\/\/www.regionalis.shop\/naturtraeume\/wp-json\/wp\/v2\/media?parent=2092"}],"wp:term":[{"taxonomy":"product_brand","embeddable":true,"href":"https:\/\/www.regionalis.shop\/naturtraeume\/wp-json\/wp\/v2\/product_brand?post=2092"},{"taxonomy":"product_cat","embeddable":true,"href":"https:\/\/www.regionalis.shop\/naturtraeume\/wp-json\/wp\/v2\/product_cat?post=2092"},{"taxonomy":"product_tag","embeddable":true,"href":"https:\/\/www.regionalis.shop\/naturtraeume\/wp-json\/wp\/v2\/product_tag?post=2092"}],"curies":[{"name":"wp","href":"https:\/\/api.w.org\/{rel}","templated":true}]}}