{"id":2102,"date":"2025-04-18T02:00:18","date_gmt":"2025-04-18T00:00:18","guid":{"rendered":"https:\/\/www.regionalis.shop\/naturtraeume\/product\/gravierte-astscheibe-fruehling\/"},"modified":"2025-04-18T02:00:18","modified_gmt":"2025-04-18T00:00:18","slug":"gravierte-astscheibe-fruehling","status":"publish","type":"product","link":"https:\/\/www.regionalis.shop\/naturtraeume\/shop\/gravierte-astscheibe-fruehling\/","title":{"rendered":"Gravierte Astscheibe &#8222;Fr\u00fchling&#8220;"},"content":{"rendered":"<p>Die Astscheibe wurde durch den eingebrannten Schriftzug &#8222;Fr\u00fchling&#8220;&#8220; sowie durch ein kleines Herz und einen Schmetterling verziert.<br \/>\nDie Scheibe kann als Geschenkanh\u00e4nger oder ohne Aufh\u00e4nger auch als Streudeko verwendet werden.<\/p>\n<p>Durchmesser: ca. 6-8cm<\/p>\n<p>Bitte beachte, dass jede Holzscheibe ein wenig anders ist, da sie alle Naturmaterialien sind.<\/p>\n","protected":false},"excerpt":{"rendered":"<p>Die Astscheibe wurde durch den eingebrannten Schriftzug &#8222;Fr\u00fchling&#8220;&#8220; sowie durch ein kleines Herz und einen Schmetterling verziert. Die Scheibe kann als Geschenkanh\u00e4nger oder ohne Aufh\u00e4nger auch als Streudeko verwendet werden. Durchmesser: ca. 6-8cm Bitte beachte, dass jede Holzscheibe ein wenig anders ist, da sie alle Naturmaterialien sind.<\/p>\n","protected":false},"featured_media":2103,"template":"","meta":{"_acf_changed":false},"product_brand":[],"product_cat":[174,103],"product_tag":[],"class_list":{"0":"post-2102","1":"product","2":"type-product","3":"status-publish","4":"has-post-thumbnail","6":"product_cat-wohndekoration","7":"product_cat-wohnen-deko","9":"first","10":"instock","11":"purchasable","12":"product-type-simple"},"acf":[],"_links":{"self":[{"href":"https:\/\/www.regionalis.shop\/naturtraeume\/wp-json\/wp\/v2\/product\/2102","targetHints":{"allow":["GET"]}}],"collection":[{"href":"https:\/\/www.regionalis.shop\/naturtraeume\/wp-json\/wp\/v2\/product"}],"about":[{"href":"https:\/\/www.regionalis.shop\/naturtraeume\/wp-json\/wp\/v2\/types\/product"}],"wp:featuredmedia":[{"embeddable":true,"href":"https:\/\/www.regionalis.shop\/naturtraeume\/wp-json\/wp\/v2\/media\/2103"}],"wp:attachment":[{"href":"https:\/\/www.regionalis.shop\/naturtraeume\/wp-json\/wp\/v2\/media?parent=2102"}],"wp:term":[{"taxonomy":"product_brand","embeddable":true,"href":"https:\/\/www.regionalis.shop\/naturtraeume\/wp-json\/wp\/v2\/product_brand?post=2102"},{"taxonomy":"product_cat","embeddable":true,"href":"https:\/\/www.regionalis.shop\/naturtraeume\/wp-json\/wp\/v2\/product_cat?post=2102"},{"taxonomy":"product_tag","embeddable":true,"href":"https:\/\/www.regionalis.shop\/naturtraeume\/wp-json\/wp\/v2\/product_tag?post=2102"}],"curies":[{"name":"wp","href":"https:\/\/api.w.org\/{rel}","templated":true}]}}