{"id":2105,"date":"2025-04-18T02:00:18","date_gmt":"2025-04-18T00:00:18","guid":{"rendered":"https:\/\/www.regionalis.shop\/naturtraeume\/product\/2er-set-keramikschuesseln\/"},"modified":"2025-04-18T02:00:18","modified_gmt":"2025-04-18T00:00:18","slug":"2er-set-keramikschuesseln","status":"publish","type":"product","link":"https:\/\/www.regionalis.shop\/naturtraeume\/shop\/2er-set-keramikschuesseln\/","title":{"rendered":"2er-Set Keramiksch\u00fcsseln"},"content":{"rendered":"<p>Die handgemachten Sch\u00fcsseln wurden in ungebranntem Zustand au\u00dfen wei\u00df bemalt und anschlie\u00dfend durch ein Ritz-Muster verziert.<\/p>\n<p>Innen wurden die Sch\u00fcsseln transparent glasiert.<\/p>\n<p>Durchmesser: 9,5cm<br \/>\nH\u00f6he: 4,5cm<\/p>\n<p>Nicht Sp\u00fclmaschinen geeignet.<\/p>\n","protected":false},"excerpt":{"rendered":"<p>Die handgemachten Sch\u00fcsseln wurden in ungebranntem Zustand au\u00dfen wei\u00df bemalt und anschlie\u00dfend durch ein Ritz-Muster verziert. Innen wurden die Sch\u00fcsseln transparent glasiert. Durchmesser: 9,5cm H\u00f6he: 4,5cm Nicht Sp\u00fclmaschinen geeignet.<\/p>\n","protected":false},"featured_media":2106,"template":"","meta":{"_acf_changed":false},"product_brand":[],"product_cat":[150,103],"product_tag":[],"class_list":{"0":"post-2105","1":"product","2":"type-product","3":"status-publish","4":"has-post-thumbnail","6":"product_cat-keramik","7":"product_cat-wohnen-deko","9":"first","10":"instock","11":"purchasable","12":"product-type-simple"},"acf":[],"_links":{"self":[{"href":"https:\/\/www.regionalis.shop\/naturtraeume\/wp-json\/wp\/v2\/product\/2105","targetHints":{"allow":["GET"]}}],"collection":[{"href":"https:\/\/www.regionalis.shop\/naturtraeume\/wp-json\/wp\/v2\/product"}],"about":[{"href":"https:\/\/www.regionalis.shop\/naturtraeume\/wp-json\/wp\/v2\/types\/product"}],"wp:featuredmedia":[{"embeddable":true,"href":"https:\/\/www.regionalis.shop\/naturtraeume\/wp-json\/wp\/v2\/media\/2106"}],"wp:attachment":[{"href":"https:\/\/www.regionalis.shop\/naturtraeume\/wp-json\/wp\/v2\/media?parent=2105"}],"wp:term":[{"taxonomy":"product_brand","embeddable":true,"href":"https:\/\/www.regionalis.shop\/naturtraeume\/wp-json\/wp\/v2\/product_brand?post=2105"},{"taxonomy":"product_cat","embeddable":true,"href":"https:\/\/www.regionalis.shop\/naturtraeume\/wp-json\/wp\/v2\/product_cat?post=2105"},{"taxonomy":"product_tag","embeddable":true,"href":"https:\/\/www.regionalis.shop\/naturtraeume\/wp-json\/wp\/v2\/product_tag?post=2105"}],"curies":[{"name":"wp","href":"https:\/\/api.w.org\/{rel}","templated":true}]}}