{"id":2115,"date":"2025-04-18T01:59:35","date_gmt":"2025-04-17T23:59:35","guid":{"rendered":"https:\/\/www.regionalis.shop\/naturtraeume\/product\/teelichthalter-holzwuerfel-weiss-2\/"},"modified":"2025-04-18T01:59:35","modified_gmt":"2025-04-17T23:59:35","slug":"teelichthalter-holzwuerfel-weiss-2","status":"publish","type":"product","link":"https:\/\/www.regionalis.shop\/naturtraeume\/shop\/teelichthalter-holzwuerfel-weiss-2\/","title":{"rendered":"Teelichthalter Holzw\u00fcrfel wei\u00df"},"content":{"rendered":"<p>Handgemachter Teelichthalter aus einem Fichtenholzw\u00fcrfel.<\/p>\n<p>Der Teelichthalter wurde auf drei Seiten mit wei\u00dfer Kreidefarbe bemalt.<\/p>\n<p>H\u00f6he: 8cm<br \/>\nBreite: 10cm<\/p>\n","protected":false},"excerpt":{"rendered":"<p>Handgemachter Teelichthalter aus einem Fichtenholzw\u00fcrfel. Der Teelichthalter wurde auf drei Seiten mit wei\u00dfer Kreidefarbe bemalt. H\u00f6he: 8cm Breite: 10cm<\/p>\n","protected":false},"featured_media":2116,"template":"","meta":{"_acf_changed":false},"product_brand":[],"product_cat":[151,103],"product_tag":[],"class_list":{"0":"post-2115","1":"product","2":"type-product","3":"status-publish","4":"has-post-thumbnail","6":"product_cat-kerzen-kerzenstaender","7":"product_cat-wohnen-deko","9":"first","10":"instock","11":"purchasable","12":"product-type-simple"},"acf":[],"_links":{"self":[{"href":"https:\/\/www.regionalis.shop\/naturtraeume\/wp-json\/wp\/v2\/product\/2115","targetHints":{"allow":["GET"]}}],"collection":[{"href":"https:\/\/www.regionalis.shop\/naturtraeume\/wp-json\/wp\/v2\/product"}],"about":[{"href":"https:\/\/www.regionalis.shop\/naturtraeume\/wp-json\/wp\/v2\/types\/product"}],"wp:featuredmedia":[{"embeddable":true,"href":"https:\/\/www.regionalis.shop\/naturtraeume\/wp-json\/wp\/v2\/media\/2116"}],"wp:attachment":[{"href":"https:\/\/www.regionalis.shop\/naturtraeume\/wp-json\/wp\/v2\/media?parent=2115"}],"wp:term":[{"taxonomy":"product_brand","embeddable":true,"href":"https:\/\/www.regionalis.shop\/naturtraeume\/wp-json\/wp\/v2\/product_brand?post=2115"},{"taxonomy":"product_cat","embeddable":true,"href":"https:\/\/www.regionalis.shop\/naturtraeume\/wp-json\/wp\/v2\/product_cat?post=2115"},{"taxonomy":"product_tag","embeddable":true,"href":"https:\/\/www.regionalis.shop\/naturtraeume\/wp-json\/wp\/v2\/product_tag?post=2115"}],"curies":[{"name":"wp","href":"https:\/\/api.w.org\/{rel}","templated":true}]}}