{"id":2129,"date":"2025-04-18T01:58:41","date_gmt":"2025-04-17T23:58:41","guid":{"rendered":"https:\/\/www.regionalis.shop\/naturtraeume\/product\/kleiner-fruehlingstuerkranz-aus-laerchenholzscheiben\/"},"modified":"2025-04-18T01:58:41","modified_gmt":"2025-04-17T23:58:41","slug":"kleiner-fruehlingstuerkranz-aus-laerchenholzscheiben","status":"publish","type":"product","link":"https:\/\/www.regionalis.shop\/naturtraeume\/shop\/kleiner-fruehlingstuerkranz-aus-laerchenholzscheiben\/","title":{"rendered":"Kleiner Fr\u00fchlingst\u00fcrkranz aus L\u00e4rchenholzscheiben"},"content":{"rendered":"<p>Dieser T\u00fcrkranz wurde aus L\u00e4rchenholzscheiben gefertigt.<br \/>\nEr ist durch eine Masche aus einem hellbraunen Jute- und einem fr\u00fchlingshaften Band sowie durch Schmetterlinge, Blumen und einen Hasen verziert.<br \/>\nEine Jutekordel dient als Aufh\u00e4nger.<\/p>\n<p>Durchmesser au\u00dfen: ca. 20cm <\/p>\n<p>Bitte beachte, dass jede Holzscheibe ein wenig anders ist, da sie alle Naturmaterialien sind.<\/p>\n","protected":false},"excerpt":{"rendered":"<p>Dieser T\u00fcrkranz wurde aus L\u00e4rchenholzscheiben gefertigt. Er ist durch eine Masche aus einem hellbraunen Jute- und einem fr\u00fchlingshaften Band sowie durch Schmetterlinge, Blumen und einen Hasen verziert. Eine Jutekordel dient als Aufh\u00e4nger. Durchmesser au\u00dfen: ca. 20cm Bitte beachte, dass jede Holzscheibe ein wenig anders ist, da sie alle Naturmaterialien sind.<\/p>\n","protected":false},"featured_media":2130,"template":"","meta":{"_acf_changed":false},"product_brand":[],"product_cat":[174,103],"product_tag":[],"class_list":{"0":"post-2129","1":"product","2":"type-product","3":"status-publish","4":"has-post-thumbnail","6":"product_cat-wohndekoration","7":"product_cat-wohnen-deko","9":"first","10":"instock","11":"purchasable","12":"product-type-simple"},"acf":[],"_links":{"self":[{"href":"https:\/\/www.regionalis.shop\/naturtraeume\/wp-json\/wp\/v2\/product\/2129","targetHints":{"allow":["GET"]}}],"collection":[{"href":"https:\/\/www.regionalis.shop\/naturtraeume\/wp-json\/wp\/v2\/product"}],"about":[{"href":"https:\/\/www.regionalis.shop\/naturtraeume\/wp-json\/wp\/v2\/types\/product"}],"wp:featuredmedia":[{"embeddable":true,"href":"https:\/\/www.regionalis.shop\/naturtraeume\/wp-json\/wp\/v2\/media\/2130"}],"wp:attachment":[{"href":"https:\/\/www.regionalis.shop\/naturtraeume\/wp-json\/wp\/v2\/media?parent=2129"}],"wp:term":[{"taxonomy":"product_brand","embeddable":true,"href":"https:\/\/www.regionalis.shop\/naturtraeume\/wp-json\/wp\/v2\/product_brand?post=2129"},{"taxonomy":"product_cat","embeddable":true,"href":"https:\/\/www.regionalis.shop\/naturtraeume\/wp-json\/wp\/v2\/product_cat?post=2129"},{"taxonomy":"product_tag","embeddable":true,"href":"https:\/\/www.regionalis.shop\/naturtraeume\/wp-json\/wp\/v2\/product_tag?post=2129"}],"curies":[{"name":"wp","href":"https:\/\/api.w.org\/{rel}","templated":true}]}}