{"id":2131,"date":"2025-04-18T01:40:45","date_gmt":"2025-04-17T23:40:45","guid":{"rendered":"https:\/\/www.regionalis.shop\/naturtraeume\/product\/fruehlingshafte-laerchenholzschindel-mit-windlicht\/"},"modified":"2025-04-18T01:40:45","modified_gmt":"2025-04-17T23:40:45","slug":"fruehlingshafte-laerchenholzschindel-mit-windlicht","status":"publish","type":"product","link":"https:\/\/www.regionalis.shop\/naturtraeume\/shop\/fruehlingshafte-laerchenholzschindel-mit-windlicht\/","title":{"rendered":"Fr\u00fchlingshafte L\u00e4rchenholzschindel mit Windlicht"},"content":{"rendered":"<p>Diese 100 Jahre alte L\u00e4rchenholzschindel wurde zu einem dekorativen Wandbild inklusive Windlicht verarbeitet.<br \/>\nJedes St\u00fcck ist ein kleines Unikat.<\/p>\n<p>Die Schindel wurde mit einem gr\u00fcnen Filzband, Rinden-Deko-Elementen und einem beigen Strohband verziert. Als besonderer Hingucker dient das Windlicht in der Mitte, welches ebenfalls mit einem Band und zwei Holz-Schmetterlingen verziert wurde.<\/p>\n<p>Auf der R\u00fcckseite ist ein Aufh\u00e4nger befestigt.<\/p>\n<p>Holz: L\u00e4rche (Altholz)<\/p>\n<p>H\u00f6he: ca. 47,5cm<br \/>\nBreite: ca. 12,5cm<\/p>\n","protected":false},"excerpt":{"rendered":"<p>Diese 100 Jahre alte L\u00e4rchenholzschindel wurde zu einem dekorativen Wandbild inklusive Windlicht verarbeitet. Jedes St\u00fcck ist ein kleines Unikat. Die Schindel wurde mit einem gr\u00fcnen Filzband, Rinden-Deko-Elementen und einem beigen Strohband verziert. Als besonderer Hingucker dient das Windlicht in der Mitte, welches ebenfalls mit einem Band und zwei Holz-Schmetterlingen verziert wurde. Auf der R\u00fcckseite ist &hellip; <a href=\"https:\/\/www.regionalis.shop\/naturtraeume\/shop\/fruehlingshafte-laerchenholzschindel-mit-windlicht\/\">Continued<\/a><\/p>\n","protected":false},"featured_media":2132,"template":"","meta":{"_acf_changed":false},"product_brand":[],"product_cat":[174,103],"product_tag":[],"class_list":{"0":"post-2131","1":"product","2":"type-product","3":"status-publish","4":"has-post-thumbnail","6":"product_cat-wohndekoration","7":"product_cat-wohnen-deko","9":"first","10":"instock","11":"purchasable","12":"product-type-simple"},"acf":[],"_links":{"self":[{"href":"https:\/\/www.regionalis.shop\/naturtraeume\/wp-json\/wp\/v2\/product\/2131","targetHints":{"allow":["GET"]}}],"collection":[{"href":"https:\/\/www.regionalis.shop\/naturtraeume\/wp-json\/wp\/v2\/product"}],"about":[{"href":"https:\/\/www.regionalis.shop\/naturtraeume\/wp-json\/wp\/v2\/types\/product"}],"wp:featuredmedia":[{"embeddable":true,"href":"https:\/\/www.regionalis.shop\/naturtraeume\/wp-json\/wp\/v2\/media\/2132"}],"wp:attachment":[{"href":"https:\/\/www.regionalis.shop\/naturtraeume\/wp-json\/wp\/v2\/media?parent=2131"}],"wp:term":[{"taxonomy":"product_brand","embeddable":true,"href":"https:\/\/www.regionalis.shop\/naturtraeume\/wp-json\/wp\/v2\/product_brand?post=2131"},{"taxonomy":"product_cat","embeddable":true,"href":"https:\/\/www.regionalis.shop\/naturtraeume\/wp-json\/wp\/v2\/product_cat?post=2131"},{"taxonomy":"product_tag","embeddable":true,"href":"https:\/\/www.regionalis.shop\/naturtraeume\/wp-json\/wp\/v2\/product_tag?post=2131"}],"curies":[{"name":"wp","href":"https:\/\/api.w.org\/{rel}","templated":true}]}}