{"id":2135,"date":"2025-04-18T01:38:04","date_gmt":"2025-04-17T23:38:04","guid":{"rendered":"https:\/\/www.regionalis.shop\/naturtraeume\/product\/dekoratives-altholzregal\/"},"modified":"2025-04-18T01:38:04","modified_gmt":"2025-04-17T23:38:04","slug":"dekoratives-altholzregal","status":"publish","type":"product","link":"https:\/\/www.regionalis.shop\/naturtraeume\/shop\/dekoratives-altholzregal\/","title":{"rendered":"Dekoratives Altholzregal"},"content":{"rendered":"<p>Die 100 Jahre alten L\u00e4rchenholzbretter wurde zu einem dekorativen Holzregal verarbeitet. Ein absolutes Unikat!<\/p>\n<p>Auf den drei Querbrettern k\u00f6nnen kleine Dekorationen aufgestellt werden.<\/p>\n<p>Auf der R\u00fcckseite ist ein Aufh\u00e4nger befestigt.<\/p>\n<p>Holz: L\u00e4rche (Altholz)<\/p>\n<p>H\u00f6he: 86cm<br \/>\nBreite: 18cm<\/p>\n<p>Querbretter:<br \/>\nBreite: 18cm<br \/>\nTiefe: 17cm<\/p>\n","protected":false},"excerpt":{"rendered":"<p>Die 100 Jahre alten L\u00e4rchenholzbretter wurde zu einem dekorativen Holzregal verarbeitet. Ein absolutes Unikat! Auf den drei Querbrettern k\u00f6nnen kleine Dekorationen aufgestellt werden. Auf der R\u00fcckseite ist ein Aufh\u00e4nger befestigt. Holz: L\u00e4rche (Altholz) H\u00f6he: 86cm Breite: 18cm Querbretter: Breite: 18cm Tiefe: 17cm<\/p>\n","protected":false},"featured_media":2136,"template":"","meta":{"_acf_changed":false},"product_brand":[],"product_cat":[174,103],"product_tag":[],"class_list":{"0":"post-2135","1":"product","2":"type-product","3":"status-publish","4":"has-post-thumbnail","6":"product_cat-wohndekoration","7":"product_cat-wohnen-deko","9":"first","10":"instock","11":"purchasable","12":"product-type-simple"},"acf":[],"_links":{"self":[{"href":"https:\/\/www.regionalis.shop\/naturtraeume\/wp-json\/wp\/v2\/product\/2135","targetHints":{"allow":["GET"]}}],"collection":[{"href":"https:\/\/www.regionalis.shop\/naturtraeume\/wp-json\/wp\/v2\/product"}],"about":[{"href":"https:\/\/www.regionalis.shop\/naturtraeume\/wp-json\/wp\/v2\/types\/product"}],"wp:featuredmedia":[{"embeddable":true,"href":"https:\/\/www.regionalis.shop\/naturtraeume\/wp-json\/wp\/v2\/media\/2136"}],"wp:attachment":[{"href":"https:\/\/www.regionalis.shop\/naturtraeume\/wp-json\/wp\/v2\/media?parent=2135"}],"wp:term":[{"taxonomy":"product_brand","embeddable":true,"href":"https:\/\/www.regionalis.shop\/naturtraeume\/wp-json\/wp\/v2\/product_brand?post=2135"},{"taxonomy":"product_cat","embeddable":true,"href":"https:\/\/www.regionalis.shop\/naturtraeume\/wp-json\/wp\/v2\/product_cat?post=2135"},{"taxonomy":"product_tag","embeddable":true,"href":"https:\/\/www.regionalis.shop\/naturtraeume\/wp-json\/wp\/v2\/product_tag?post=2135"}],"curies":[{"name":"wp","href":"https:\/\/api.w.org\/{rel}","templated":true}]}}