{"id":2140,"date":"2025-04-18T01:35:23","date_gmt":"2025-04-17T23:35:23","guid":{"rendered":"https:\/\/www.regionalis.shop\/naturtraeume\/product\/fruehlingshaftes-holzhaeuschen-blau-grau\/"},"modified":"2025-04-18T01:35:23","modified_gmt":"2025-04-17T23:35:23","slug":"fruehlingshaftes-holzhaeuschen-blau-grau","status":"publish","type":"product","link":"https:\/\/www.regionalis.shop\/naturtraeume\/shop\/fruehlingshaftes-holzhaeuschen-blau-grau\/","title":{"rendered":"Fr\u00fchlingshaftes Holzh\u00e4uschen blau-grau"},"content":{"rendered":"<p>Das kleine Holzh\u00e4uschen kann sowohl f\u00fcr die Fr\u00fchlingsdekoration, als auch ganzj\u00e4hrig verwendet werden.<\/p>\n<p>Das H\u00e4uschen wurde h\u00e4ndisch zugeschnitten und mit blau-grauer Farbe bemalt. Zur weiteren Dekoration wurde es mit einer wei\u00dfen Kordel verziert.<\/p>\n<p>H\u00f6he: 21,5cm<br \/>\nBreite: 14cm<\/p>\n","protected":false},"excerpt":{"rendered":"<p>Das kleine Holzh\u00e4uschen kann sowohl f\u00fcr die Fr\u00fchlingsdekoration, als auch ganzj\u00e4hrig verwendet werden. Das H\u00e4uschen wurde h\u00e4ndisch zugeschnitten und mit blau-grauer Farbe bemalt. Zur weiteren Dekoration wurde es mit einer wei\u00dfen Kordel verziert. H\u00f6he: 21,5cm Breite: 14cm<\/p>\n","protected":false},"featured_media":2141,"template":"","meta":{"_acf_changed":false},"product_brand":[],"product_cat":[174,103],"product_tag":[],"class_list":{"0":"post-2140","1":"product","2":"type-product","3":"status-publish","4":"has-post-thumbnail","6":"product_cat-wohndekoration","7":"product_cat-wohnen-deko","9":"first","10":"instock","11":"purchasable","12":"product-type-simple"},"acf":[],"_links":{"self":[{"href":"https:\/\/www.regionalis.shop\/naturtraeume\/wp-json\/wp\/v2\/product\/2140","targetHints":{"allow":["GET"]}}],"collection":[{"href":"https:\/\/www.regionalis.shop\/naturtraeume\/wp-json\/wp\/v2\/product"}],"about":[{"href":"https:\/\/www.regionalis.shop\/naturtraeume\/wp-json\/wp\/v2\/types\/product"}],"wp:featuredmedia":[{"embeddable":true,"href":"https:\/\/www.regionalis.shop\/naturtraeume\/wp-json\/wp\/v2\/media\/2141"}],"wp:attachment":[{"href":"https:\/\/www.regionalis.shop\/naturtraeume\/wp-json\/wp\/v2\/media?parent=2140"}],"wp:term":[{"taxonomy":"product_brand","embeddable":true,"href":"https:\/\/www.regionalis.shop\/naturtraeume\/wp-json\/wp\/v2\/product_brand?post=2140"},{"taxonomy":"product_cat","embeddable":true,"href":"https:\/\/www.regionalis.shop\/naturtraeume\/wp-json\/wp\/v2\/product_cat?post=2140"},{"taxonomy":"product_tag","embeddable":true,"href":"https:\/\/www.regionalis.shop\/naturtraeume\/wp-json\/wp\/v2\/product_tag?post=2140"}],"curies":[{"name":"wp","href":"https:\/\/api.w.org\/{rel}","templated":true}]}}