{"id":2166,"date":"2025-04-18T01:35:23","date_gmt":"2025-04-17T23:35:23","guid":{"rendered":"https:\/\/www.regionalis.shop\/naturtraeume\/product\/fruehlingshafter-keramik-teelichthalter-glasiert\/"},"modified":"2025-04-18T01:35:23","modified_gmt":"2025-04-17T23:35:23","slug":"fruehlingshafter-keramik-teelichthalter-glasiert","status":"publish","type":"product","link":"https:\/\/www.regionalis.shop\/naturtraeume\/shop\/fruehlingshafter-keramik-teelichthalter-glasiert\/","title":{"rendered":"Fr\u00fchlingshafter Keramik Teelichthalter glasiert"},"content":{"rendered":"<p>Der Teelichthalter wurde per Hand geformt und durch Ritzmuster und Lochbohrungen verziert.<br \/>\nDie Au\u00dfenseite wurde mit einer transparenten Glasur \u00fcberzogen.<\/p>\n<p>Durchmesser: 6,5cm<br \/>\nH\u00f6he: 5-6cm<\/p>\n","protected":false},"excerpt":{"rendered":"<p>Der Teelichthalter wurde per Hand geformt und durch Ritzmuster und Lochbohrungen verziert. Die Au\u00dfenseite wurde mit einer transparenten Glasur \u00fcberzogen. Durchmesser: 6,5cm H\u00f6he: 5-6cm<\/p>\n","protected":false},"featured_media":2167,"template":"","meta":{"_acf_changed":false},"product_brand":[],"product_cat":[151,103],"product_tag":[],"class_list":{"0":"post-2166","1":"product","2":"type-product","3":"status-publish","4":"has-post-thumbnail","6":"product_cat-kerzen-kerzenstaender","7":"product_cat-wohnen-deko","9":"first","10":"instock","11":"purchasable","12":"product-type-simple"},"acf":[],"_links":{"self":[{"href":"https:\/\/www.regionalis.shop\/naturtraeume\/wp-json\/wp\/v2\/product\/2166","targetHints":{"allow":["GET"]}}],"collection":[{"href":"https:\/\/www.regionalis.shop\/naturtraeume\/wp-json\/wp\/v2\/product"}],"about":[{"href":"https:\/\/www.regionalis.shop\/naturtraeume\/wp-json\/wp\/v2\/types\/product"}],"wp:featuredmedia":[{"embeddable":true,"href":"https:\/\/www.regionalis.shop\/naturtraeume\/wp-json\/wp\/v2\/media\/2167"}],"wp:attachment":[{"href":"https:\/\/www.regionalis.shop\/naturtraeume\/wp-json\/wp\/v2\/media?parent=2166"}],"wp:term":[{"taxonomy":"product_brand","embeddable":true,"href":"https:\/\/www.regionalis.shop\/naturtraeume\/wp-json\/wp\/v2\/product_brand?post=2166"},{"taxonomy":"product_cat","embeddable":true,"href":"https:\/\/www.regionalis.shop\/naturtraeume\/wp-json\/wp\/v2\/product_cat?post=2166"},{"taxonomy":"product_tag","embeddable":true,"href":"https:\/\/www.regionalis.shop\/naturtraeume\/wp-json\/wp\/v2\/product_tag?post=2166"}],"curies":[{"name":"wp","href":"https:\/\/api.w.org\/{rel}","templated":true}]}}