{"id":2174,"date":"2025-04-18T01:35:23","date_gmt":"2025-04-17T23:35:23","guid":{"rendered":"https:\/\/www.regionalis.shop\/naturtraeume\/product\/treibholz-aufhaenger-fruehling\/"},"modified":"2025-04-18T01:35:23","modified_gmt":"2025-04-17T23:35:23","slug":"treibholz-aufhaenger-fruehling","status":"publish","type":"product","link":"https:\/\/www.regionalis.shop\/naturtraeume\/shop\/treibholz-aufhaenger-fruehling\/","title":{"rendered":"Treibholz-Aufh\u00e4nger Fr\u00fchling"},"content":{"rendered":"<p>Dieser fr\u00fchlingshafte Aufh\u00e4nger besteht aus aufgef\u00e4delten Treibholzst\u00fccken.<\/p>\n<p>Zwischen den Holzst\u00fccken befinden sich f\u00fcnf fr\u00fchlingshafte Maschen.<br \/>\nAm unteren Ende ist ein Holzherz, welches gefl\u00e4mmt wurde, angebracht.<\/p>\n<p>Zum Aufh\u00e4ngen dient eine Jutekordel.<\/p>\n<p>L\u00e4nge: ca. 47cm<\/p>\n","protected":false},"excerpt":{"rendered":"<p>Dieser fr\u00fchlingshafte Aufh\u00e4nger besteht aus aufgef\u00e4delten Treibholzst\u00fccken. Zwischen den Holzst\u00fccken befinden sich f\u00fcnf fr\u00fchlingshafte Maschen. Am unteren Ende ist ein Holzherz, welches gefl\u00e4mmt wurde, angebracht. Zum Aufh\u00e4ngen dient eine Jutekordel. L\u00e4nge: ca. 47cm<\/p>\n","protected":false},"featured_media":2175,"template":"","meta":{"_acf_changed":false},"product_brand":[],"product_cat":[174,103],"product_tag":[],"class_list":{"0":"post-2174","1":"product","2":"type-product","3":"status-publish","4":"has-post-thumbnail","6":"product_cat-wohndekoration","7":"product_cat-wohnen-deko","9":"first","10":"instock","11":"purchasable","12":"product-type-simple"},"acf":[],"_links":{"self":[{"href":"https:\/\/www.regionalis.shop\/naturtraeume\/wp-json\/wp\/v2\/product\/2174","targetHints":{"allow":["GET"]}}],"collection":[{"href":"https:\/\/www.regionalis.shop\/naturtraeume\/wp-json\/wp\/v2\/product"}],"about":[{"href":"https:\/\/www.regionalis.shop\/naturtraeume\/wp-json\/wp\/v2\/types\/product"}],"wp:featuredmedia":[{"embeddable":true,"href":"https:\/\/www.regionalis.shop\/naturtraeume\/wp-json\/wp\/v2\/media\/2175"}],"wp:attachment":[{"href":"https:\/\/www.regionalis.shop\/naturtraeume\/wp-json\/wp\/v2\/media?parent=2174"}],"wp:term":[{"taxonomy":"product_brand","embeddable":true,"href":"https:\/\/www.regionalis.shop\/naturtraeume\/wp-json\/wp\/v2\/product_brand?post=2174"},{"taxonomy":"product_cat","embeddable":true,"href":"https:\/\/www.regionalis.shop\/naturtraeume\/wp-json\/wp\/v2\/product_cat?post=2174"},{"taxonomy":"product_tag","embeddable":true,"href":"https:\/\/www.regionalis.shop\/naturtraeume\/wp-json\/wp\/v2\/product_tag?post=2174"}],"curies":[{"name":"wp","href":"https:\/\/api.w.org\/{rel}","templated":true}]}}