{"id":2177,"date":"2025-04-18T01:34:46","date_gmt":"2025-04-17T23:34:46","guid":{"rendered":"https:\/\/www.regionalis.shop\/naturtraeume\/product\/osterhase-aus-holzscheiben\/"},"modified":"2025-04-18T01:34:46","modified_gmt":"2025-04-17T23:34:46","slug":"osterhase-aus-holzscheiben","status":"publish","type":"product","link":"https:\/\/www.regionalis.shop\/naturtraeume\/shop\/osterhase-aus-holzscheiben\/","title":{"rendered":"Osterhase aus Holzscheiben"},"content":{"rendered":"<p>Kleiner Osterhase aus Holzscheiben<\/p>\n<p>Der Osterhase wurde aus unterschiedlich gro\u00dfen Holzscheiben gemacht. Als Fu\u00df dient ebenfalls eine Holzscheibe.<br \/>\nDas Gesicht wurde aufgemalt.<\/p>\n<p>H\u00f6he: ca. 24cm<\/p>\n","protected":false},"excerpt":{"rendered":"<p>Kleiner Osterhase aus Holzscheiben Der Osterhase wurde aus unterschiedlich gro\u00dfen Holzscheiben gemacht. Als Fu\u00df dient ebenfalls eine Holzscheibe. Das Gesicht wurde aufgemalt. H\u00f6he: ca. 24cm<\/p>\n","protected":false},"featured_media":2178,"template":"","meta":{"_acf_changed":false},"product_brand":[],"product_cat":[174,103],"product_tag":[],"class_list":{"0":"post-2177","1":"product","2":"type-product","3":"status-publish","4":"has-post-thumbnail","6":"product_cat-wohndekoration","7":"product_cat-wohnen-deko","9":"first","10":"instock","11":"purchasable","12":"product-type-simple"},"acf":[],"_links":{"self":[{"href":"https:\/\/www.regionalis.shop\/naturtraeume\/wp-json\/wp\/v2\/product\/2177","targetHints":{"allow":["GET"]}}],"collection":[{"href":"https:\/\/www.regionalis.shop\/naturtraeume\/wp-json\/wp\/v2\/product"}],"about":[{"href":"https:\/\/www.regionalis.shop\/naturtraeume\/wp-json\/wp\/v2\/types\/product"}],"wp:featuredmedia":[{"embeddable":true,"href":"https:\/\/www.regionalis.shop\/naturtraeume\/wp-json\/wp\/v2\/media\/2178"}],"wp:attachment":[{"href":"https:\/\/www.regionalis.shop\/naturtraeume\/wp-json\/wp\/v2\/media?parent=2177"}],"wp:term":[{"taxonomy":"product_brand","embeddable":true,"href":"https:\/\/www.regionalis.shop\/naturtraeume\/wp-json\/wp\/v2\/product_brand?post=2177"},{"taxonomy":"product_cat","embeddable":true,"href":"https:\/\/www.regionalis.shop\/naturtraeume\/wp-json\/wp\/v2\/product_cat?post=2177"},{"taxonomy":"product_tag","embeddable":true,"href":"https:\/\/www.regionalis.shop\/naturtraeume\/wp-json\/wp\/v2\/product_tag?post=2177"}],"curies":[{"name":"wp","href":"https:\/\/api.w.org\/{rel}","templated":true}]}}