{"id":2184,"date":"2025-04-18T01:30:10","date_gmt":"2025-04-17T23:30:10","guid":{"rendered":"https:\/\/www.regionalis.shop\/naturtraeume\/product\/fruehlingshafte-laerchenholzdekoration-mit-blumentoepfchen\/"},"modified":"2025-04-18T01:30:10","modified_gmt":"2025-04-17T23:30:10","slug":"fruehlingshafte-laerchenholzdekoration-mit-blumentoepfchen","status":"publish","type":"product","link":"https:\/\/www.regionalis.shop\/naturtraeume\/shop\/fruehlingshafte-laerchenholzdekoration-mit-blumentoepfchen\/","title":{"rendered":"Fr\u00fchlingshafte L\u00e4rchenholzdekoration mit Blument\u00f6pfchen"},"content":{"rendered":"<p>Die 100 Jahre alte L\u00e4rchenholzschindel wurde zu einem dekorativen Holzaufsteller verarbeitet.<\/p>\n<p>Am oberen Ende befindet sich ein Herzf\u00f6rmiger Ausschnitt. Zus\u00e4tzlich wurden zwei Keramikherzen, die durch Pflanzendruck-Muster verziert sind, angebracht. <\/p>\n<p>Am Querbrett befindet sich ein kleiner Metallblumentop (nicht fixiert).<\/p>\n<p>Holz: L\u00e4rche<\/p>\n<p>H\u00f6he: 39cm<br \/>\nBreite: 31,5cm<\/p>\n<p>H\u00f6he Blumentop: 9cm<br \/>\nDurchmesser Blumentopf: 7-9cm<\/p>\n","protected":false},"excerpt":{"rendered":"<p>Die 100 Jahre alte L\u00e4rchenholzschindel wurde zu einem dekorativen Holzaufsteller verarbeitet. Am oberen Ende befindet sich ein Herzf\u00f6rmiger Ausschnitt. Zus\u00e4tzlich wurden zwei Keramikherzen, die durch Pflanzendruck-Muster verziert sind, angebracht. Am Querbrett befindet sich ein kleiner Metallblumentop (nicht fixiert). Holz: L\u00e4rche H\u00f6he: 39cm Breite: 31,5cm H\u00f6he Blumentop: 9cm Durchmesser Blumentopf: 7-9cm<\/p>\n","protected":false},"featured_media":2185,"template":"","meta":{"_acf_changed":false},"product_brand":[],"product_cat":[174,103],"product_tag":[],"class_list":{"0":"post-2184","1":"product","2":"type-product","3":"status-publish","4":"has-post-thumbnail","6":"product_cat-wohndekoration","7":"product_cat-wohnen-deko","9":"first","10":"instock","11":"purchasable","12":"product-type-simple"},"acf":[],"_links":{"self":[{"href":"https:\/\/www.regionalis.shop\/naturtraeume\/wp-json\/wp\/v2\/product\/2184","targetHints":{"allow":["GET"]}}],"collection":[{"href":"https:\/\/www.regionalis.shop\/naturtraeume\/wp-json\/wp\/v2\/product"}],"about":[{"href":"https:\/\/www.regionalis.shop\/naturtraeume\/wp-json\/wp\/v2\/types\/product"}],"wp:featuredmedia":[{"embeddable":true,"href":"https:\/\/www.regionalis.shop\/naturtraeume\/wp-json\/wp\/v2\/media\/2185"}],"wp:attachment":[{"href":"https:\/\/www.regionalis.shop\/naturtraeume\/wp-json\/wp\/v2\/media?parent=2184"}],"wp:term":[{"taxonomy":"product_brand","embeddable":true,"href":"https:\/\/www.regionalis.shop\/naturtraeume\/wp-json\/wp\/v2\/product_brand?post=2184"},{"taxonomy":"product_cat","embeddable":true,"href":"https:\/\/www.regionalis.shop\/naturtraeume\/wp-json\/wp\/v2\/product_cat?post=2184"},{"taxonomy":"product_tag","embeddable":true,"href":"https:\/\/www.regionalis.shop\/naturtraeume\/wp-json\/wp\/v2\/product_tag?post=2184"}],"curies":[{"name":"wp","href":"https:\/\/api.w.org\/{rel}","templated":true}]}}