{"id":2193,"date":"2025-04-18T01:29:32","date_gmt":"2025-04-17T23:29:32","guid":{"rendered":"https:\/\/www.regionalis.shop\/naturtraeume\/product\/dekorative-fruehlingssaeule-schmetterling\/"},"modified":"2025-04-18T01:29:32","modified_gmt":"2025-04-17T23:29:32","slug":"dekorative-fruehlingssaeule-schmetterling","status":"publish","type":"product","link":"https:\/\/www.regionalis.shop\/naturtraeume\/shop\/dekorative-fruehlingssaeule-schmetterling\/","title":{"rendered":"Dekorative Fr\u00fchlingss\u00e4ule Schmetterling"},"content":{"rendered":"<p>Dekorative Holzs\u00e4ule aus gefl\u00e4mmtem Holz.<\/p>\n<p>Die S\u00e4ule ist am oberen Ende durch einen handgemachten und selbst bemalten Holzschmetterling verziert. Der Rest der S\u00e4ule ist durch fr\u00fchlingshafte Accessoires, wie ein beiges Band mit Herzen sowie Blumen und Schmetterlinge aus Rinde verziert.<\/p>\n<p>H\u00f6he: 46cm<br \/>\nBreite: 9cm<\/p>\n<p>Sockel: 15x9cm<\/p>\n","protected":false},"excerpt":{"rendered":"<p>Dekorative Holzs\u00e4ule aus gefl\u00e4mmtem Holz. Die S\u00e4ule ist am oberen Ende durch einen handgemachten und selbst bemalten Holzschmetterling verziert. Der Rest der S\u00e4ule ist durch fr\u00fchlingshafte Accessoires, wie ein beiges Band mit Herzen sowie Blumen und Schmetterlinge aus Rinde verziert. H\u00f6he: 46cm Breite: 9cm Sockel: 15x9cm<\/p>\n","protected":false},"featured_media":2194,"template":"","meta":{"_acf_changed":false},"product_brand":[],"product_cat":[174,103],"product_tag":[],"class_list":{"0":"post-2193","1":"product","2":"type-product","3":"status-publish","4":"has-post-thumbnail","6":"product_cat-wohndekoration","7":"product_cat-wohnen-deko","9":"first","10":"instock","11":"purchasable","12":"product-type-simple"},"acf":[],"_links":{"self":[{"href":"https:\/\/www.regionalis.shop\/naturtraeume\/wp-json\/wp\/v2\/product\/2193","targetHints":{"allow":["GET"]}}],"collection":[{"href":"https:\/\/www.regionalis.shop\/naturtraeume\/wp-json\/wp\/v2\/product"}],"about":[{"href":"https:\/\/www.regionalis.shop\/naturtraeume\/wp-json\/wp\/v2\/types\/product"}],"wp:featuredmedia":[{"embeddable":true,"href":"https:\/\/www.regionalis.shop\/naturtraeume\/wp-json\/wp\/v2\/media\/2194"}],"wp:attachment":[{"href":"https:\/\/www.regionalis.shop\/naturtraeume\/wp-json\/wp\/v2\/media?parent=2193"}],"wp:term":[{"taxonomy":"product_brand","embeddable":true,"href":"https:\/\/www.regionalis.shop\/naturtraeume\/wp-json\/wp\/v2\/product_brand?post=2193"},{"taxonomy":"product_cat","embeddable":true,"href":"https:\/\/www.regionalis.shop\/naturtraeume\/wp-json\/wp\/v2\/product_cat?post=2193"},{"taxonomy":"product_tag","embeddable":true,"href":"https:\/\/www.regionalis.shop\/naturtraeume\/wp-json\/wp\/v2\/product_tag?post=2193"}],"curies":[{"name":"wp","href":"https:\/\/api.w.org\/{rel}","templated":true}]}}