{"id":2196,"date":"2025-04-18T01:07:24","date_gmt":"2025-04-17T23:07:24","guid":{"rendered":"https:\/\/www.regionalis.shop\/naturtraeume\/product\/fruehlingshafter-blumenstecker-mit-keramikherz\/"},"modified":"2025-04-18T01:07:24","modified_gmt":"2025-04-17T23:07:24","slug":"fruehlingshafter-blumenstecker-mit-keramikherz","status":"publish","type":"product","link":"https:\/\/www.regionalis.shop\/naturtraeume\/shop\/fruehlingshafter-blumenstecker-mit-keramikherz\/","title":{"rendered":"Fr\u00fchlingshafter Blumenstecker mit Keramikherz"},"content":{"rendered":"<p>Dieser Blumenstecker ist der Hingucker f\u00fcr jeden Blumentopf!<\/p>\n<p>Das Keramikherz, welches mit Pflanzendruck verziert wurde, und noch durch eine kleine Schleife aus Organzaband erg\u00e4nzt wird, befindet sich auf einer d\u00fcnnen Metallstange.<\/p>\n<p>Durchmesser Herz: 5,5cm<br \/>\nH\u00f6he Metallstange: ca. 18-20cm<\/p>\n","protected":false},"excerpt":{"rendered":"<p>Dieser Blumenstecker ist der Hingucker f\u00fcr jeden Blumentopf! Das Keramikherz, welches mit Pflanzendruck verziert wurde, und noch durch eine kleine Schleife aus Organzaband erg\u00e4nzt wird, befindet sich auf einer d\u00fcnnen Metallstange. Durchmesser Herz: 5,5cm H\u00f6he Metallstange: ca. 18-20cm<\/p>\n","protected":false},"featured_media":2197,"template":"","meta":{"_acf_changed":false},"product_brand":[],"product_cat":[174,103],"product_tag":[],"class_list":{"0":"post-2196","1":"product","2":"type-product","3":"status-publish","4":"has-post-thumbnail","6":"product_cat-wohndekoration","7":"product_cat-wohnen-deko","9":"first","10":"instock","11":"purchasable","12":"product-type-simple"},"acf":[],"_links":{"self":[{"href":"https:\/\/www.regionalis.shop\/naturtraeume\/wp-json\/wp\/v2\/product\/2196","targetHints":{"allow":["GET"]}}],"collection":[{"href":"https:\/\/www.regionalis.shop\/naturtraeume\/wp-json\/wp\/v2\/product"}],"about":[{"href":"https:\/\/www.regionalis.shop\/naturtraeume\/wp-json\/wp\/v2\/types\/product"}],"wp:featuredmedia":[{"embeddable":true,"href":"https:\/\/www.regionalis.shop\/naturtraeume\/wp-json\/wp\/v2\/media\/2197"}],"wp:attachment":[{"href":"https:\/\/www.regionalis.shop\/naturtraeume\/wp-json\/wp\/v2\/media?parent=2196"}],"wp:term":[{"taxonomy":"product_brand","embeddable":true,"href":"https:\/\/www.regionalis.shop\/naturtraeume\/wp-json\/wp\/v2\/product_brand?post=2196"},{"taxonomy":"product_cat","embeddable":true,"href":"https:\/\/www.regionalis.shop\/naturtraeume\/wp-json\/wp\/v2\/product_cat?post=2196"},{"taxonomy":"product_tag","embeddable":true,"href":"https:\/\/www.regionalis.shop\/naturtraeume\/wp-json\/wp\/v2\/product_tag?post=2196"}],"curies":[{"name":"wp","href":"https:\/\/api.w.org\/{rel}","templated":true}]}}