{"id":2208,"date":"2025-04-18T01:03:40","date_gmt":"2025-04-17T23:03:40","guid":{"rendered":"https:\/\/www.regionalis.shop\/naturtraeume\/product\/schmuckschatulle-holzstumpf\/"},"modified":"2025-04-18T01:03:40","modified_gmt":"2025-04-17T23:03:40","slug":"schmuckschatulle-holzstumpf","status":"publish","type":"product","link":"https:\/\/www.regionalis.shop\/naturtraeume\/shop\/schmuckschatulle-holzstumpf\/","title":{"rendered":"Schmuckschatulle Holzstumpf"},"content":{"rendered":"<p>Diese ganz besondere Schmuckschatulle wurde aus einem Holzstumpf gemacht.<br \/>\nDer Deckel ist mit einer Schraube am restlichen Holzst\u00fcck befestigt und l\u00e4sst sich ganz einfach auf die Seite schieben.<\/p>\n<p>H\u00f6he: 10cm<br \/>\nDurchmesser: 7,5-8cm<br \/>\nH\u00f6he Schmuckschatulle innen: 3cm<br \/>\nDurchmesser Schmuckschatulle innen: 4cm<\/p>\n","protected":false},"excerpt":{"rendered":"<p>Diese ganz besondere Schmuckschatulle wurde aus einem Holzstumpf gemacht. Der Deckel ist mit einer Schraube am restlichen Holzst\u00fcck befestigt und l\u00e4sst sich ganz einfach auf die Seite schieben. H\u00f6he: 10cm Durchmesser: 7,5-8cm H\u00f6he Schmuckschatulle innen: 3cm Durchmesser Schmuckschatulle innen: 4cm<\/p>\n","protected":false},"featured_media":2209,"template":"","meta":{"_acf_changed":false},"product_brand":[],"product_cat":[172,103],"product_tag":[],"class_list":{"0":"post-2208","1":"product","2":"type-product","3":"status-publish","4":"has-post-thumbnail","6":"product_cat-verpacken-verstauen","7":"product_cat-wohnen-deko","9":"first","10":"instock","11":"purchasable","12":"product-type-simple"},"acf":[],"_links":{"self":[{"href":"https:\/\/www.regionalis.shop\/naturtraeume\/wp-json\/wp\/v2\/product\/2208","targetHints":{"allow":["GET"]}}],"collection":[{"href":"https:\/\/www.regionalis.shop\/naturtraeume\/wp-json\/wp\/v2\/product"}],"about":[{"href":"https:\/\/www.regionalis.shop\/naturtraeume\/wp-json\/wp\/v2\/types\/product"}],"wp:featuredmedia":[{"embeddable":true,"href":"https:\/\/www.regionalis.shop\/naturtraeume\/wp-json\/wp\/v2\/media\/2209"}],"wp:attachment":[{"href":"https:\/\/www.regionalis.shop\/naturtraeume\/wp-json\/wp\/v2\/media?parent=2208"}],"wp:term":[{"taxonomy":"product_brand","embeddable":true,"href":"https:\/\/www.regionalis.shop\/naturtraeume\/wp-json\/wp\/v2\/product_brand?post=2208"},{"taxonomy":"product_cat","embeddable":true,"href":"https:\/\/www.regionalis.shop\/naturtraeume\/wp-json\/wp\/v2\/product_cat?post=2208"},{"taxonomy":"product_tag","embeddable":true,"href":"https:\/\/www.regionalis.shop\/naturtraeume\/wp-json\/wp\/v2\/product_tag?post=2208"}],"curies":[{"name":"wp","href":"https:\/\/api.w.org\/{rel}","templated":true}]}}