{"id":2212,"date":"2025-04-18T01:00:24","date_gmt":"2025-04-17T23:00:24","guid":{"rendered":"https:\/\/www.regionalis.shop\/naturtraeume\/product\/weihnachtlicher-keramikaufhaenger-mit-pflanzendruck\/"},"modified":"2025-04-18T01:00:24","modified_gmt":"2025-04-17T23:00:24","slug":"weihnachtlicher-keramikaufhaenger-mit-pflanzendruck","status":"publish","type":"product","link":"https:\/\/www.regionalis.shop\/naturtraeume\/shop\/weihnachtlicher-keramikaufhaenger-mit-pflanzendruck\/","title":{"rendered":"Weihnachtlicher Keramikaufh\u00e4nger mit Pflanzendruck"},"content":{"rendered":"<p>Weihnachtlicher Keramikaufh\u00e4nger mit unterschiedlichen Pflanzenmustern.<\/p>\n<p>Die drei Keramiksterne sind auf einem dunkelgr\u00fcnen Band aufgef\u00e4delt.<\/p>\n<p>Gesamtl\u00e4nge: 27cm<br \/>\nDurchmesser: 4,5cm<\/p>\n","protected":false},"excerpt":{"rendered":"<p>Weihnachtlicher Keramikaufh\u00e4nger mit unterschiedlichen Pflanzenmustern. Die drei Keramiksterne sind auf einem dunkelgr\u00fcnen Band aufgef\u00e4delt. Gesamtl\u00e4nge: 27cm Durchmesser: 4,5cm<\/p>\n","protected":false},"featured_media":2213,"template":"","meta":{"_acf_changed":false},"product_brand":[],"product_cat":[174,103],"product_tag":[],"class_list":{"0":"post-2212","1":"product","2":"type-product","3":"status-publish","4":"has-post-thumbnail","6":"product_cat-wohndekoration","7":"product_cat-wohnen-deko","9":"first","10":"instock","11":"purchasable","12":"product-type-simple"},"acf":[],"_links":{"self":[{"href":"https:\/\/www.regionalis.shop\/naturtraeume\/wp-json\/wp\/v2\/product\/2212","targetHints":{"allow":["GET"]}}],"collection":[{"href":"https:\/\/www.regionalis.shop\/naturtraeume\/wp-json\/wp\/v2\/product"}],"about":[{"href":"https:\/\/www.regionalis.shop\/naturtraeume\/wp-json\/wp\/v2\/types\/product"}],"wp:featuredmedia":[{"embeddable":true,"href":"https:\/\/www.regionalis.shop\/naturtraeume\/wp-json\/wp\/v2\/media\/2213"}],"wp:attachment":[{"href":"https:\/\/www.regionalis.shop\/naturtraeume\/wp-json\/wp\/v2\/media?parent=2212"}],"wp:term":[{"taxonomy":"product_brand","embeddable":true,"href":"https:\/\/www.regionalis.shop\/naturtraeume\/wp-json\/wp\/v2\/product_brand?post=2212"},{"taxonomy":"product_cat","embeddable":true,"href":"https:\/\/www.regionalis.shop\/naturtraeume\/wp-json\/wp\/v2\/product_cat?post=2212"},{"taxonomy":"product_tag","embeddable":true,"href":"https:\/\/www.regionalis.shop\/naturtraeume\/wp-json\/wp\/v2\/product_tag?post=2212"}],"curies":[{"name":"wp","href":"https:\/\/api.w.org\/{rel}","templated":true}]}}