{"id":2243,"date":"2025-04-17T23:47:57","date_gmt":"2025-04-17T21:47:57","guid":{"rendered":"https:\/\/www.regionalis.shop\/naturtraeume\/product\/treibholz-weihnachts-aufhaenger\/"},"modified":"2025-04-17T23:47:57","modified_gmt":"2025-04-17T21:47:57","slug":"treibholz-weihnachts-aufhaenger","status":"publish","type":"product","link":"https:\/\/www.regionalis.shop\/naturtraeume\/shop\/treibholz-weihnachts-aufhaenger\/","title":{"rendered":"Treibholz-Weihnachts-Aufh\u00e4nger"},"content":{"rendered":"<p>Dieser Weihnachts-Aufh\u00e4nger besteht aus zusammengebundenen Treibholzst\u00e4mmen, die durch eine Jutekordel zusammengehalten werden.<\/p>\n<p>Er ist unter anderem mit Zimtstangen, Zapfen, Orangenscheiben und Sternen geschm\u00fcckt.<br \/>\nZum Aufh\u00e4ngen dient ebenfalls eine Jutekordel.<\/p>\n<p>Breite: 40cm<br \/>\nH\u00f6he: 27cm<br \/>\nH\u00f6he inkl. Kordel: 43cm<\/p>\n","protected":false},"excerpt":{"rendered":"<p>Dieser Weihnachts-Aufh\u00e4nger besteht aus zusammengebundenen Treibholzst\u00e4mmen, die durch eine Jutekordel zusammengehalten werden. Er ist unter anderem mit Zimtstangen, Zapfen, Orangenscheiben und Sternen geschm\u00fcckt. Zum Aufh\u00e4ngen dient ebenfalls eine Jutekordel. Breite: 40cm H\u00f6he: 27cm H\u00f6he inkl. Kordel: 43cm<\/p>\n","protected":false},"featured_media":2244,"template":"","meta":{"_acf_changed":false},"product_brand":[],"product_cat":[173,103],"product_tag":[],"class_list":{"0":"post-2243","1":"product","2":"type-product","3":"status-publish","4":"has-post-thumbnail","6":"product_cat-weihnachten","7":"product_cat-wohnen-deko","9":"first","10":"instock","11":"purchasable","12":"product-type-simple"},"acf":[],"_links":{"self":[{"href":"https:\/\/www.regionalis.shop\/naturtraeume\/wp-json\/wp\/v2\/product\/2243","targetHints":{"allow":["GET"]}}],"collection":[{"href":"https:\/\/www.regionalis.shop\/naturtraeume\/wp-json\/wp\/v2\/product"}],"about":[{"href":"https:\/\/www.regionalis.shop\/naturtraeume\/wp-json\/wp\/v2\/types\/product"}],"wp:featuredmedia":[{"embeddable":true,"href":"https:\/\/www.regionalis.shop\/naturtraeume\/wp-json\/wp\/v2\/media\/2244"}],"wp:attachment":[{"href":"https:\/\/www.regionalis.shop\/naturtraeume\/wp-json\/wp\/v2\/media?parent=2243"}],"wp:term":[{"taxonomy":"product_brand","embeddable":true,"href":"https:\/\/www.regionalis.shop\/naturtraeume\/wp-json\/wp\/v2\/product_brand?post=2243"},{"taxonomy":"product_cat","embeddable":true,"href":"https:\/\/www.regionalis.shop\/naturtraeume\/wp-json\/wp\/v2\/product_cat?post=2243"},{"taxonomy":"product_tag","embeddable":true,"href":"https:\/\/www.regionalis.shop\/naturtraeume\/wp-json\/wp\/v2\/product_tag?post=2243"}],"curies":[{"name":"wp","href":"https:\/\/api.w.org\/{rel}","templated":true}]}}