{"id":2251,"date":"2025-04-17T23:45:48","date_gmt":"2025-04-17T21:45:48","guid":{"rendered":"https:\/\/www.regionalis.shop\/naturtraeume\/product\/adventskalender-zum-selber-fuellen\/"},"modified":"2025-04-17T23:45:48","modified_gmt":"2025-04-17T21:45:48","slug":"adventskalender-zum-selber-fuellen","status":"publish","type":"product","link":"https:\/\/www.regionalis.shop\/naturtraeume\/shop\/adventskalender-zum-selber-fuellen\/","title":{"rendered":"Adventskalender zum selber F\u00fcllen"},"content":{"rendered":"<p>Noch auf der Suche nach einem Adventskalender?!<br \/>\nDieses Unikat aus Treibholz und Filz ist gerade fertig geworden und wartet nur noch darauf von dir bef\u00fcllt zu werden!<\/p>\n<p>Der Adventskalender besteht aus einem St\u00fcck Treibholz an dem 8 Jutekordeln mit jeweils 3 Filzstern-S\u00e4ckchen befestigt sind.<br \/>\nDie Filzsterne k\u00f6nnen nach Lust und Laune selbst bef\u00fcllt werden.<\/p>\n<p>Zum Aufh\u00e4ngen ist eine Jutekordel angebracht.<\/p>\n<p>Breite Treibholz: 70cm<br \/>\nL\u00e4nge: 80cm<br \/>\nL\u00e4nge inkl. Aufh\u00e4nger: 105cm<\/p>\n","protected":false},"excerpt":{"rendered":"<p>Noch auf der Suche nach einem Adventskalender?! Dieses Unikat aus Treibholz und Filz ist gerade fertig geworden und wartet nur noch darauf von dir bef\u00fcllt zu werden! Der Adventskalender besteht aus einem St\u00fcck Treibholz an dem 8 Jutekordeln mit jeweils 3 Filzstern-S\u00e4ckchen befestigt sind. Die Filzsterne k\u00f6nnen nach Lust und Laune selbst bef\u00fcllt werden. Zum &hellip; <a href=\"https:\/\/www.regionalis.shop\/naturtraeume\/shop\/adventskalender-zum-selber-fuellen\/\">Continued<\/a><\/p>\n","protected":false},"featured_media":2252,"template":"","meta":{"_acf_changed":false},"product_brand":[],"product_cat":[173,103],"product_tag":[],"class_list":{"0":"post-2251","1":"product","2":"type-product","3":"status-publish","4":"has-post-thumbnail","6":"product_cat-weihnachten","7":"product_cat-wohnen-deko","9":"first","10":"instock","11":"purchasable","12":"product-type-simple"},"acf":[],"_links":{"self":[{"href":"https:\/\/www.regionalis.shop\/naturtraeume\/wp-json\/wp\/v2\/product\/2251","targetHints":{"allow":["GET"]}}],"collection":[{"href":"https:\/\/www.regionalis.shop\/naturtraeume\/wp-json\/wp\/v2\/product"}],"about":[{"href":"https:\/\/www.regionalis.shop\/naturtraeume\/wp-json\/wp\/v2\/types\/product"}],"wp:featuredmedia":[{"embeddable":true,"href":"https:\/\/www.regionalis.shop\/naturtraeume\/wp-json\/wp\/v2\/media\/2252"}],"wp:attachment":[{"href":"https:\/\/www.regionalis.shop\/naturtraeume\/wp-json\/wp\/v2\/media?parent=2251"}],"wp:term":[{"taxonomy":"product_brand","embeddable":true,"href":"https:\/\/www.regionalis.shop\/naturtraeume\/wp-json\/wp\/v2\/product_brand?post=2251"},{"taxonomy":"product_cat","embeddable":true,"href":"https:\/\/www.regionalis.shop\/naturtraeume\/wp-json\/wp\/v2\/product_cat?post=2251"},{"taxonomy":"product_tag","embeddable":true,"href":"https:\/\/www.regionalis.shop\/naturtraeume\/wp-json\/wp\/v2\/product_tag?post=2251"}],"curies":[{"name":"wp","href":"https:\/\/api.w.org\/{rel}","templated":true}]}}