{"id":2255,"date":"2025-04-17T23:37:55","date_gmt":"2025-04-17T21:37:55","guid":{"rendered":"https:\/\/www.regionalis.shop\/naturtraeume\/product\/treibholz-teelichthalter-klein\/"},"modified":"2025-04-17T23:37:55","modified_gmt":"2025-04-17T21:37:55","slug":"treibholz-teelichthalter-klein","status":"publish","type":"product","link":"https:\/\/www.regionalis.shop\/naturtraeume\/shop\/treibholz-teelichthalter-klein\/","title":{"rendered":"Treibholz-Teelichthalter klein"},"content":{"rendered":"<p>Teelichthalter, der aus einem St\u00fcck Treibholz aus der Drau gefertigt wurde.<br \/>\nDer Teelichthalter bietet Platz f\u00fcr zwei Teelichter.<\/p>\n<p>L\u00e4nge: ca. 24,5cm<br \/>\nBreite: ca. 5cm<\/p>\n","protected":false},"excerpt":{"rendered":"<p>Teelichthalter, der aus einem St\u00fcck Treibholz aus der Drau gefertigt wurde. Der Teelichthalter bietet Platz f\u00fcr zwei Teelichter. L\u00e4nge: ca. 24,5cm Breite: ca. 5cm<\/p>\n","protected":false},"featured_media":2256,"template":"","meta":{"_acf_changed":false},"product_brand":[],"product_cat":[151,103],"product_tag":[],"class_list":{"0":"post-2255","1":"product","2":"type-product","3":"status-publish","4":"has-post-thumbnail","6":"product_cat-kerzen-kerzenstaender","7":"product_cat-wohnen-deko","9":"first","10":"instock","11":"purchasable","12":"product-type-simple"},"acf":[],"_links":{"self":[{"href":"https:\/\/www.regionalis.shop\/naturtraeume\/wp-json\/wp\/v2\/product\/2255","targetHints":{"allow":["GET"]}}],"collection":[{"href":"https:\/\/www.regionalis.shop\/naturtraeume\/wp-json\/wp\/v2\/product"}],"about":[{"href":"https:\/\/www.regionalis.shop\/naturtraeume\/wp-json\/wp\/v2\/types\/product"}],"wp:featuredmedia":[{"embeddable":true,"href":"https:\/\/www.regionalis.shop\/naturtraeume\/wp-json\/wp\/v2\/media\/2256"}],"wp:attachment":[{"href":"https:\/\/www.regionalis.shop\/naturtraeume\/wp-json\/wp\/v2\/media?parent=2255"}],"wp:term":[{"taxonomy":"product_brand","embeddable":true,"href":"https:\/\/www.regionalis.shop\/naturtraeume\/wp-json\/wp\/v2\/product_brand?post=2255"},{"taxonomy":"product_cat","embeddable":true,"href":"https:\/\/www.regionalis.shop\/naturtraeume\/wp-json\/wp\/v2\/product_cat?post=2255"},{"taxonomy":"product_tag","embeddable":true,"href":"https:\/\/www.regionalis.shop\/naturtraeume\/wp-json\/wp\/v2\/product_tag?post=2255"}],"curies":[{"name":"wp","href":"https:\/\/api.w.org\/{rel}","templated":true}]}}