{"id":2260,"date":"2025-04-17T23:37:55","date_gmt":"2025-04-17T21:37:55","guid":{"rendered":"https:\/\/www.regionalis.shop\/naturtraeume\/product\/schmuckstaender-aus-holz\/"},"modified":"2025-04-17T23:37:55","modified_gmt":"2025-04-17T21:37:55","slug":"schmuckstaender-aus-holz","status":"publish","type":"product","link":"https:\/\/www.regionalis.shop\/naturtraeume\/shop\/schmuckstaender-aus-holz\/","title":{"rendered":"Schmuckst\u00e4nder aus Holz"},"content":{"rendered":"<p>Liebevoll handgefertigter Schmuckst\u00e4nder aus Holz.<br \/>\nDas Astst\u00fcck wurde so bearbeitet, dass noch 3 kurze Ast-Austriebe vom Hauptast abstehen und so perfekt als Aufh\u00e4nger f\u00fcr Schmuckst\u00fccke dienen.<br \/>\nDer Ast ist auf einer gro\u00dfen Astscheibe angeschraubt, die als Fu\u00df dient.<\/p>\n<p>H\u00f6he: 30cm<br \/>\nBreite: 25cm<br \/>\nDurchmesser Astscheibe: 11cm<\/p>\n","protected":false},"excerpt":{"rendered":"<p>Liebevoll handgefertigter Schmuckst\u00e4nder aus Holz. Das Astst\u00fcck wurde so bearbeitet, dass noch 3 kurze Ast-Austriebe vom Hauptast abstehen und so perfekt als Aufh\u00e4nger f\u00fcr Schmuckst\u00fccke dienen. Der Ast ist auf einer gro\u00dfen Astscheibe angeschraubt, die als Fu\u00df dient. H\u00f6he: 30cm Breite: 25cm Durchmesser Astscheibe: 11cm<\/p>\n","protected":false},"featured_media":2261,"template":"","meta":{"_acf_changed":false},"product_brand":[],"product_cat":[174,103],"product_tag":[],"class_list":{"0":"post-2260","1":"product","2":"type-product","3":"status-publish","4":"has-post-thumbnail","6":"product_cat-wohndekoration","7":"product_cat-wohnen-deko","9":"first","10":"instock","11":"purchasable","12":"product-type-simple"},"acf":[],"_links":{"self":[{"href":"https:\/\/www.regionalis.shop\/naturtraeume\/wp-json\/wp\/v2\/product\/2260","targetHints":{"allow":["GET"]}}],"collection":[{"href":"https:\/\/www.regionalis.shop\/naturtraeume\/wp-json\/wp\/v2\/product"}],"about":[{"href":"https:\/\/www.regionalis.shop\/naturtraeume\/wp-json\/wp\/v2\/types\/product"}],"wp:featuredmedia":[{"embeddable":true,"href":"https:\/\/www.regionalis.shop\/naturtraeume\/wp-json\/wp\/v2\/media\/2261"}],"wp:attachment":[{"href":"https:\/\/www.regionalis.shop\/naturtraeume\/wp-json\/wp\/v2\/media?parent=2260"}],"wp:term":[{"taxonomy":"product_brand","embeddable":true,"href":"https:\/\/www.regionalis.shop\/naturtraeume\/wp-json\/wp\/v2\/product_brand?post=2260"},{"taxonomy":"product_cat","embeddable":true,"href":"https:\/\/www.regionalis.shop\/naturtraeume\/wp-json\/wp\/v2\/product_cat?post=2260"},{"taxonomy":"product_tag","embeddable":true,"href":"https:\/\/www.regionalis.shop\/naturtraeume\/wp-json\/wp\/v2\/product_tag?post=2260"}],"curies":[{"name":"wp","href":"https:\/\/api.w.org\/{rel}","templated":true}]}}