{"id":2273,"date":"2025-04-17T23:34:37","date_gmt":"2025-04-17T21:34:37","guid":{"rendered":"https:\/\/www.regionalis.shop\/naturtraeume\/product\/tuerkranz-aus-laerchenholzscheiben\/"},"modified":"2025-04-17T23:34:37","modified_gmt":"2025-04-17T21:34:37","slug":"tuerkranz-aus-laerchenholzscheiben","status":"publish","type":"product","link":"https:\/\/www.regionalis.shop\/naturtraeume\/shop\/tuerkranz-aus-laerchenholzscheiben\/","title":{"rendered":"T\u00fcrkranz aus L\u00e4rchenholzscheiben"},"content":{"rendered":"<p>T\u00fcrkranz aus L\u00e4rchenholzscheiben ohne Verzierung.<br \/>\nEs ist nur eine Schnur als Aufh\u00e4nger angebracht.<\/p>\n<p>Durchmesser au\u00dfen: ca. 30cm <\/p>\n<p>Bitte beachte, dass jede Holzscheibe ein wenig anders ist, da sie alle Naturmaterialien sind.<\/p>\n","protected":false},"excerpt":{"rendered":"<p>T\u00fcrkranz aus L\u00e4rchenholzscheiben ohne Verzierung. Es ist nur eine Schnur als Aufh\u00e4nger angebracht. Durchmesser au\u00dfen: ca. 30cm Bitte beachte, dass jede Holzscheibe ein wenig anders ist, da sie alle Naturmaterialien sind.<\/p>\n","protected":false},"featured_media":2274,"template":"","meta":{"_acf_changed":false},"product_brand":[],"product_cat":[174,103],"product_tag":[],"class_list":{"0":"post-2273","1":"product","2":"type-product","3":"status-publish","4":"has-post-thumbnail","6":"product_cat-wohndekoration","7":"product_cat-wohnen-deko","9":"first","10":"instock","11":"purchasable","12":"product-type-simple"},"acf":[],"_links":{"self":[{"href":"https:\/\/www.regionalis.shop\/naturtraeume\/wp-json\/wp\/v2\/product\/2273","targetHints":{"allow":["GET"]}}],"collection":[{"href":"https:\/\/www.regionalis.shop\/naturtraeume\/wp-json\/wp\/v2\/product"}],"about":[{"href":"https:\/\/www.regionalis.shop\/naturtraeume\/wp-json\/wp\/v2\/types\/product"}],"wp:featuredmedia":[{"embeddable":true,"href":"https:\/\/www.regionalis.shop\/naturtraeume\/wp-json\/wp\/v2\/media\/2274"}],"wp:attachment":[{"href":"https:\/\/www.regionalis.shop\/naturtraeume\/wp-json\/wp\/v2\/media?parent=2273"}],"wp:term":[{"taxonomy":"product_brand","embeddable":true,"href":"https:\/\/www.regionalis.shop\/naturtraeume\/wp-json\/wp\/v2\/product_brand?post=2273"},{"taxonomy":"product_cat","embeddable":true,"href":"https:\/\/www.regionalis.shop\/naturtraeume\/wp-json\/wp\/v2\/product_cat?post=2273"},{"taxonomy":"product_tag","embeddable":true,"href":"https:\/\/www.regionalis.shop\/naturtraeume\/wp-json\/wp\/v2\/product_tag?post=2273"}],"curies":[{"name":"wp","href":"https:\/\/api.w.org\/{rel}","templated":true}]}}