{"id":2294,"date":"2025-04-17T23:32:06","date_gmt":"2025-04-17T21:32:06","guid":{"rendered":"https:\/\/www.regionalis.shop\/naturtraeume\/product\/pinnwand-aus-geflaemmtem-holz\/"},"modified":"2025-04-17T23:32:06","modified_gmt":"2025-04-17T21:32:06","slug":"pinnwand-aus-geflaemmtem-holz","status":"publish","type":"product","link":"https:\/\/www.regionalis.shop\/naturtraeume\/shop\/pinnwand-aus-geflaemmtem-holz\/","title":{"rendered":"Pinnwand aus gefl\u00e4mmtem Holz"},"content":{"rendered":"<p>Handgemachte &#8222;Pinnwand&#8220; aus gefl\u00e4mmtem Holz<\/p>\n<p>Zwei Haftklemmen auf dem bearbeiteten Holz sorgen f\u00fcr Ordnung auf dem Schreibtisch. Nat\u00fcrlich ist sie auch nur als Dekoration einsetzbar.<br \/>\nZum Aufh\u00e4ngen befindet sich auf der R\u00fcckseite ein kleiner Haken.<\/p>\n<p>H\u00f6he: 41cm<br \/>\nBreite: 10 cm<\/p>\n","protected":false},"excerpt":{"rendered":"<p>Handgemachte &#8222;Pinnwand&#8220; aus gefl\u00e4mmtem Holz Zwei Haftklemmen auf dem bearbeiteten Holz sorgen f\u00fcr Ordnung auf dem Schreibtisch. Nat\u00fcrlich ist sie auch nur als Dekoration einsetzbar. Zum Aufh\u00e4ngen befindet sich auf der R\u00fcckseite ein kleiner Haken. H\u00f6he: 41cm Breite: 10 cm<\/p>\n","protected":false},"featured_media":2295,"template":"","meta":{"_acf_changed":false},"product_brand":[],"product_cat":[119,62],"product_tag":[],"class_list":{"0":"post-2294","1":"product","2":"type-product","3":"status-publish","4":"has-post-thumbnail","6":"product_cat-buerobedarf","7":"product_cat-papeterie-schreibwaren","9":"first","10":"instock","11":"purchasable","12":"product-type-simple"},"acf":[],"_links":{"self":[{"href":"https:\/\/www.regionalis.shop\/naturtraeume\/wp-json\/wp\/v2\/product\/2294","targetHints":{"allow":["GET"]}}],"collection":[{"href":"https:\/\/www.regionalis.shop\/naturtraeume\/wp-json\/wp\/v2\/product"}],"about":[{"href":"https:\/\/www.regionalis.shop\/naturtraeume\/wp-json\/wp\/v2\/types\/product"}],"wp:featuredmedia":[{"embeddable":true,"href":"https:\/\/www.regionalis.shop\/naturtraeume\/wp-json\/wp\/v2\/media\/2295"}],"wp:attachment":[{"href":"https:\/\/www.regionalis.shop\/naturtraeume\/wp-json\/wp\/v2\/media?parent=2294"}],"wp:term":[{"taxonomy":"product_brand","embeddable":true,"href":"https:\/\/www.regionalis.shop\/naturtraeume\/wp-json\/wp\/v2\/product_brand?post=2294"},{"taxonomy":"product_cat","embeddable":true,"href":"https:\/\/www.regionalis.shop\/naturtraeume\/wp-json\/wp\/v2\/product_cat?post=2294"},{"taxonomy":"product_tag","embeddable":true,"href":"https:\/\/www.regionalis.shop\/naturtraeume\/wp-json\/wp\/v2\/product_tag?post=2294"}],"curies":[{"name":"wp","href":"https:\/\/api.w.org\/{rel}","templated":true}]}}