{"id":1063,"date":"2025-04-18T07:56:08","date_gmt":"2025-04-18T05:56:08","guid":{"rendered":"https:\/\/www.regionalis.shop\/nevaliebt\/product\/wolle-seide-pumphose-blau-62-68\/"},"modified":"2025-04-18T07:56:08","modified_gmt":"2025-04-18T05:56:08","slug":"wolle-seide-pumphose-blau-62-68","status":"publish","type":"product","link":"https:\/\/www.regionalis.shop\/nevaliebt\/shop\/wolle-seide-pumphose-blau-62-68\/","title":{"rendered":"Wolle\/Seide Pumphose blau 62\/68"},"content":{"rendered":"<p>Die Hose besteht komplett aus einem Wolle\/Seidenjersey. Sie in in Gr. 62\/68 gen\u00e4ht und hat daher Mitwachsb\u00fcndchen an den Beinen.<br \/>\nWolle\/Seide ist besonders f\u00fcr Kinder mit empfindlicher Haut geeignet.<\/p>\n<p>Eigenschaften:<br \/>\n* Antibakteriell und selbstreinigend<br \/>\n* atmungsaktiv<br \/>\n* temperaturausgleichend<\/p>\n<p>Materialien:<br \/>\n70 % Wolle<br \/>\n30 % Seide<br \/>\nMulesingfrei<\/p>\n<p>Passend zur Pumphose gibt es auch einen Body aus Wolle\/Seide.<br \/>\nWerden andere Farben oder Gr\u00f6\u00dfen gew\u00fcnscht, dann bitte einfach eine kurze Nachricht schicken und ich melde mich.<\/p>\n<p>Gerne k\u00f6nnt ihr mir auch auf Facebook oder Instagram unter nEVAliebt folgen.<\/p>\n","protected":false},"excerpt":{"rendered":"<p>Die Hose besteht komplett aus einem Wolle\/Seidenjersey. Sie in in Gr. 62\/68 gen\u00e4ht und hat daher Mitwachsb\u00fcndchen an den Beinen. Wolle\/Seide ist besonders f\u00fcr Kinder mit empfindlicher Haut geeignet. Eigenschaften: * Antibakteriell und selbstreinigend * atmungsaktiv * temperaturausgleichend Materialien: 70 % Wolle 30 % Seide Mulesingfrei Passend zur Pumphose gibt es auch einen Body aus &hellip; <a href=\"https:\/\/www.regionalis.shop\/nevaliebt\/shop\/wolle-seide-pumphose-blau-62-68\/\">Continued<\/a><\/p>\n","protected":false},"featured_media":1064,"template":"","meta":{"_acf_changed":false},"product_brand":[],"product_cat":[38,49],"product_tag":[],"class_list":{"0":"post-1063","1":"product","2":"type-product","3":"status-publish","4":"has-post-thumbnail","6":"product_cat-baby-kinder","7":"product_cat-kinderkleidung","9":"first","10":"instock","11":"purchasable","12":"product-type-simple"},"acf":[],"_links":{"self":[{"href":"https:\/\/www.regionalis.shop\/nevaliebt\/wp-json\/wp\/v2\/product\/1063","targetHints":{"allow":["GET"]}}],"collection":[{"href":"https:\/\/www.regionalis.shop\/nevaliebt\/wp-json\/wp\/v2\/product"}],"about":[{"href":"https:\/\/www.regionalis.shop\/nevaliebt\/wp-json\/wp\/v2\/types\/product"}],"wp:featuredmedia":[{"embeddable":true,"href":"https:\/\/www.regionalis.shop\/nevaliebt\/wp-json\/wp\/v2\/media\/1064"}],"wp:attachment":[{"href":"https:\/\/www.regionalis.shop\/nevaliebt\/wp-json\/wp\/v2\/media?parent=1063"}],"wp:term":[{"taxonomy":"product_brand","embeddable":true,"href":"https:\/\/www.regionalis.shop\/nevaliebt\/wp-json\/wp\/v2\/product_brand?post=1063"},{"taxonomy":"product_cat","embeddable":true,"href":"https:\/\/www.regionalis.shop\/nevaliebt\/wp-json\/wp\/v2\/product_cat?post=1063"},{"taxonomy":"product_tag","embeddable":true,"href":"https:\/\/www.regionalis.shop\/nevaliebt\/wp-json\/wp\/v2\/product_tag?post=1063"}],"curies":[{"name":"wp","href":"https:\/\/api.w.org\/{rel}","templated":true}]}}