{"id":1120,"date":"2025-11-28T16:58:49","date_gmt":"2025-11-28T15:58:49","guid":{"rendered":"https:\/\/www.regionalis.shop\/nevaliebt\/?post_type=product&#038;p=1120"},"modified":"2025-11-28T17:11:20","modified_gmt":"2025-11-28T16:11:20","slug":"pouch-m","status":"publish","type":"product","link":"https:\/\/www.regionalis.shop\/nevaliebt\/shop\/pouch-m\/","title":{"rendered":"Pouch M"},"content":{"rendered":"<p>Pouch M:<\/p>\n<p>Au\u00dfen- und Innenstoff aus 100 % Baumwolle<\/p>\n<p>Dazwischen wurde f\u00fcr den besseren Halt ein Vlies eingen\u00e4ht.<\/p>\n<p>&nbsp;<\/p>\n<p>Im Alltag wird die Pouch oft als &#8222;kleiner Beutel&#8220; oder &#8222;kleine H\u00fclle&#8220; bezeichnet.<\/p>\n<p>Ob f\u00fcr die Aufbewahrung von KrimsKrams\u00a0 (wie M\u00fcnzen, Schmuck oder Kopfh\u00f6rer), f\u00fcr Kosemtik (Lippenstift, Pflegecrem) oder auf Reisen (Reisepass, Medikamente), die Pouch ist vielseitig einsetzbar.<\/p>\n<p>Die Pouches gibt es in verschiedenen Gr\u00f6\u00dfe und Desings.<\/p>\n<p>&nbsp;<\/p>\n<p>Abmessungen:<\/p>\n<p>S: 12 x 11 cm<\/p>\n<p>M: 18 x 14 cm<\/p>\n<p>L: 21 x 17 cm<\/p>\n<p>&nbsp;<\/p>\n","protected":false},"excerpt":{"rendered":"<p>Pouch M: Au\u00dfen- und Innenstoff aus 100 % Baumwolle Dazwischen wurde f\u00fcr den besseren Halt ein Vlies eingen\u00e4ht. &nbsp; Im Alltag wird die Pouch oft als &#8222;kleiner Beutel&#8220; oder &#8222;kleine H\u00fclle&#8220; bezeichnet. Ob f\u00fcr die Aufbewahrung von KrimsKrams\u00a0 (wie M\u00fcnzen, Schmuck oder Kopfh\u00f6rer), f\u00fcr Kosemtik (Lippenstift, Pflegecrem) oder auf Reisen (Reisepass, Medikamente), die Pouch ist &hellip; <a href=\"https:\/\/www.regionalis.shop\/nevaliebt\/shop\/pouch-m\/\">Continued<\/a><\/p>\n","protected":false},"featured_media":1116,"template":"","meta":{"_acf_changed":false},"product_brand":[],"product_cat":[155,168,18],"product_tag":[],"class_list":{"0":"post-1120","1":"product","2":"type-product","3":"status-publish","4":"has-post-thumbnail","6":"product_cat-kosmetiktaschen","7":"product_cat-sonstiges-taschen","8":"product_cat-uncategorised","10":"first","11":"instock","12":"purchasable","13":"product-type-simple"},"acf":[],"_links":{"self":[{"href":"https:\/\/www.regionalis.shop\/nevaliebt\/wp-json\/wp\/v2\/product\/1120","targetHints":{"allow":["GET"]}}],"collection":[{"href":"https:\/\/www.regionalis.shop\/nevaliebt\/wp-json\/wp\/v2\/product"}],"about":[{"href":"https:\/\/www.regionalis.shop\/nevaliebt\/wp-json\/wp\/v2\/types\/product"}],"wp:featuredmedia":[{"embeddable":true,"href":"https:\/\/www.regionalis.shop\/nevaliebt\/wp-json\/wp\/v2\/media\/1116"}],"wp:attachment":[{"href":"https:\/\/www.regionalis.shop\/nevaliebt\/wp-json\/wp\/v2\/media?parent=1120"}],"wp:term":[{"taxonomy":"product_brand","embeddable":true,"href":"https:\/\/www.regionalis.shop\/nevaliebt\/wp-json\/wp\/v2\/product_brand?post=1120"},{"taxonomy":"product_cat","embeddable":true,"href":"https:\/\/www.regionalis.shop\/nevaliebt\/wp-json\/wp\/v2\/product_cat?post=1120"},{"taxonomy":"product_tag","embeddable":true,"href":"https:\/\/www.regionalis.shop\/nevaliebt\/wp-json\/wp\/v2\/product_tag?post=1120"}],"curies":[{"name":"wp","href":"https:\/\/api.w.org\/{rel}","templated":true}]}}