{"id":1166,"date":"2025-12-09T23:39:57","date_gmt":"2025-12-09T22:39:57","guid":{"rendered":"https:\/\/www.regionalis.shop\/nevaliebt\/?post_type=product&#038;p=1166"},"modified":"2025-12-09T23:41:00","modified_gmt":"2025-12-09T22:41:00","slug":"bauchtasche-hipbag-cord-petrol","status":"publish","type":"product","link":"https:\/\/www.regionalis.shop\/nevaliebt\/shop\/bauchtasche-hipbag-cord-petrol\/","title":{"rendered":"Bauchtasche, HipBag Cord petrol"},"content":{"rendered":"<p>Mit dieser Bauchtasche hast Du den perfekten Begleiter f\u00fcr unterwegs. Gro\u00df genug f\u00fcr die wichtigsten Utensilien wie Handy, Kugelschreiben, kleine Kosmetiktasche, &#8230;. aber auch klein genug, dass die Tasche nicht zu sehr auftr\u00e4gt.<\/p>\n<p>Der Tragegurt ist verstellbar und so gen\u00e4ht, dass er gegen einen anderen Gurt jederzeit ausgestauscht werden kann.<\/p>\n<p>Zudem ist die Tasche komplett gef\u00fcttert.<\/p>\n<p>Der vordere Rei\u00dfverschluss verf\u00fcgt \u00fcber zwei Schieber, die noch mehr Flexibilit\u00e4t beim \u00d6ffnen bringen.<\/p>\n<p>&nbsp;<\/p>\n<p>Material:<\/p>\n<p>100 % Baumwolle (Cord)<\/p>\n","protected":false},"excerpt":{"rendered":"<p>Mit dieser Bauchtasche hast Du den perfekten Begleiter f\u00fcr unterwegs. Gro\u00df genug f\u00fcr die wichtigsten Utensilien wie Handy, Kugelschreiben, kleine Kosmetiktasche, &#8230;. aber auch klein genug, dass die Tasche nicht zu sehr auftr\u00e4gt. Der Tragegurt ist verstellbar und so gen\u00e4ht, dass er gegen einen anderen Gurt jederzeit ausgestauscht werden kann. Zudem ist die Tasche komplett &hellip; <a href=\"https:\/\/www.regionalis.shop\/nevaliebt\/shop\/bauchtasche-hipbag-cord-petrol\/\">Continued<\/a><\/p>\n","protected":false},"featured_media":1134,"template":"","meta":{"_acf_changed":false},"product_brand":[],"product_cat":[115,168],"product_tag":[],"class_list":{"0":"post-1166","1":"product","2":"type-product","3":"status-publish","4":"has-post-thumbnail","6":"product_cat-bauchtaschen","7":"product_cat-sonstiges-taschen","9":"first","10":"instock","11":"purchasable","12":"product-type-simple"},"acf":[],"_links":{"self":[{"href":"https:\/\/www.regionalis.shop\/nevaliebt\/wp-json\/wp\/v2\/product\/1166","targetHints":{"allow":["GET"]}}],"collection":[{"href":"https:\/\/www.regionalis.shop\/nevaliebt\/wp-json\/wp\/v2\/product"}],"about":[{"href":"https:\/\/www.regionalis.shop\/nevaliebt\/wp-json\/wp\/v2\/types\/product"}],"wp:featuredmedia":[{"embeddable":true,"href":"https:\/\/www.regionalis.shop\/nevaliebt\/wp-json\/wp\/v2\/media\/1134"}],"wp:attachment":[{"href":"https:\/\/www.regionalis.shop\/nevaliebt\/wp-json\/wp\/v2\/media?parent=1166"}],"wp:term":[{"taxonomy":"product_brand","embeddable":true,"href":"https:\/\/www.regionalis.shop\/nevaliebt\/wp-json\/wp\/v2\/product_brand?post=1166"},{"taxonomy":"product_cat","embeddable":true,"href":"https:\/\/www.regionalis.shop\/nevaliebt\/wp-json\/wp\/v2\/product_cat?post=1166"},{"taxonomy":"product_tag","embeddable":true,"href":"https:\/\/www.regionalis.shop\/nevaliebt\/wp-json\/wp\/v2\/product_tag?post=1166"}],"curies":[{"name":"wp","href":"https:\/\/api.w.org\/{rel}","templated":true}]}}